{"id":14112,"date":"2022-06-10T12:17:34","date_gmt":"2022-06-10T10:17:34","guid":{"rendered":"https:\/\/www.seabridge.de\/anfrage\/"},"modified":"2024-05-06T13:30:57","modified_gmt":"2024-05-06T11:30:57","slug":"zadost","status":"publish","type":"page","link":"https:\/\/www.seabridge.de\/cs\/zadost\/","title":{"rendered":"\u017d\u00e1dost"},"content":{"rendered":"<section class=\"l-section wpb_row us_custom_9ccc05f2 height_huge color_alternate\"><div class=\"l-section-h i-cf\"><div class=\"g-cols vc_row via_flex valign_top type_default stacking_default\"><div class=\"vc_col-sm-12 wpb_column vc_column_container \"><div class=\"vc_column-inner us_custom_1183b10c us_animate_this\"><div class=\"wpb_wrapper\"><div class=\"wpb_text_column\"><div class=\"wpb_wrapper\"><h2 style=\"text-align: center;\">Za\u010dn\u011bte<br \/>\nOnline \u017e\u00e1dost<\/h2>\n<\/div><\/div><div class=\"w-separator size_small\"><\/div><div class=\"w-separator size_medium\"><\/div><div class=\"w-btn-wrapper align_center\"><a class=\"w-btn us-btn-style_56 icon_atleft text_none\" aria-label=\"Button\" href=\"#d\"><i class=\"far fa-angle-down\"><\/i><\/a><\/div><div class=\"w-separator size_medium\"><\/div><\/div><\/div><\/div><\/div><\/div><\/section><section class=\"l-section wpb_row height_auto\" id=\"d\"><div class=\"l-section-h i-cf\"><div class=\"g-cols vc_row via_flex valign_top type_default stacking_default\"><div class=\"vc_col-sm-12 wpb_column vc_column_container \"><div class=\"vc_column-inner us_custom_233fc046 us_animate_this\"><div class=\"wpb_wrapper\">[vc_raw_js]JTNDc2NyaXB0JTIwdHlwZSUzRCUyMnRleHQlMkZqYXZhc2NyaXB0JTIyJTIwc3JjJTNEJTIyaHR0cHMlM0ElMkYlMkZmb3JtLmpvdGZvcm0uY29tJTJGanNmb3JtJTJGMjQxMjYzNTc1OTE4MzYzJTIyJTNFJTNDJTJGc2NyaXB0JTNF[\/vc_raw_js]<\/div><\/div><\/div><\/div><\/div><\/section><section class=\"l-section wpb_row height_auto\"><div class=\"l-section-h i-cf\"><div class=\"g-cols vc_row via_flex valign_top type_default stacking_default\"><div class=\"vc_col-sm-12 wpb_column vc_column_container \"><div class=\"vc_column-inner us_custom_6c0ee9e8 us_animate_this\"><div class=\"wpb_wrapper\"><div class=\"w-separator size_huge\"><\/div><div class=\"w-separator size_custom with_line width_default thick_1 style_solid color_border align_center\" style=\"height:2px\"><div class=\"w-separator-h\"><\/div><\/div><\/div><\/div><\/div><\/div><\/div><\/section><section class=\"l-section wpb_row height_auto\"><div class=\"l-section-h i-cf\"><div class=\"g-cols vc_row via_flex valign_top type_default stacking_default\"><div class=\"vc_col-sm-12 wpb_column vc_column_container\"><div class=\"vc_column-inner\"><div class=\"wpb_wrapper\"><div class=\"w-separator size_huge\"><\/div><div class=\"w-separator size_huge\"><\/div><\/div><\/div><\/div><\/div><\/div><\/section>\n","protected":false},"excerpt":{"rendered":"Za\u010dn\u011bte Online \u017e\u00e1dost [vc_raw_js]JTNDc2NyaXB0JTIwdHlwZSUzRCUyMnRleHQlMkZqYXZhc2NyaXB0JTIyJTIwc3JjJTNEJTIyaHR0cHMlM0ElMkYlMkZmb3JtLmpvdGZvcm0uY29tJTJGanNmb3JtJTJGMjQxMjYzNTc1OTE4MzYzJTIyJTNFJTNDJTJGc2NyaXB0JTNF[\/vc_raw_js]","protected":false},"author":2,"featured_media":0,"parent":0,"menu_order":0,"comment_status":"closed","ping_status":"closed","template":"","meta":{"footnotes":"","_links_to":"","_links_to_target":""},"class_list":["post-14112","page","type-page","status-publish","hentry"],"yoast_head":"<!-- This site is optimized with the Yoast SEO plugin v22.9 - https:\/\/yoast.com\/wordpress\/plugins\/seo\/ -->\n<title>\u017d\u00e1dost - Seabridge Transport GmbH<\/title>\n<meta name=\"robots\" content=\"index, follow, max-snippet:-1, max-image-preview:large, max-video-preview:-1\" \/>\n<link rel=\"canonical\" href=\"https:\/\/www.seabridge.de\/cs\/zadost\/\" \/>\n<meta property=\"og:locale\" content=\"cs_CZ\" \/>\n<meta property=\"og:type\" content=\"article\" \/>\n<meta property=\"og:title\" content=\"\u017d\u00e1dost - Seabridge Transport GmbH\" \/>\n<meta property=\"og:url\" content=\"https:\/\/www.seabridge.de\/cs\/zadost\/\" \/>\n<meta property=\"og:site_name\" content=\"Seabridge Transport GmbH\" \/>\n<meta property=\"article:modified_time\" content=\"2024-05-06T11:30:57+00:00\" \/>\n<meta property=\"og:image\" content=\"https:\/\/www.seabridge.de\/wp-content\/uploads\/2022\/11\/f_social-image.jpg\" \/>\n\t<meta property=\"og:image:width\" content=\"2500\" \/>\n\t<meta property=\"og:image:height\" content=\"1669\" \/>\n\t<meta property=\"og:image:type\" content=\"image\/jpeg\" \/>\n<meta name=\"twitter:card\" content=\"summary_large_image\" \/>\n<meta name=\"twitter:label1\" content=\"Odhadovan\u00e1 doba \u010dten\u00ed\" \/>\n\t<meta name=\"twitter:data1\" content=\"1 minuta\" \/>\n<script type=\"application\/ld+json\" class=\"yoast-schema-graph\">{\"@context\":\"https:\/\/schema.org\",\"@graph\":[{\"@type\":\"WebPage\",\"@id\":\"https:\/\/www.seabridge.de\/cs\/zadost\/\",\"url\":\"https:\/\/www.seabridge.de\/cs\/zadost\/\",\"name\":\"\u017d\u00e1dost - Seabridge Transport GmbH\",\"isPartOf\":{\"@id\":\"https:\/\/www.seabridge.de\/#website\"},\"datePublished\":\"2022-06-10T10:17:34+00:00\",\"dateModified\":\"2024-05-06T11:30:57+00:00\",\"breadcrumb\":{\"@id\":\"https:\/\/www.seabridge.de\/cs\/zadost\/#breadcrumb\"},\"inLanguage\":\"cs\",\"potentialAction\":[{\"@type\":\"ReadAction\",\"target\":[\"https:\/\/www.seabridge.de\/cs\/zadost\/\"]}]},{\"@type\":\"BreadcrumbList\",\"@id\":\"https:\/\/www.seabridge.de\/cs\/zadost\/#breadcrumb\",\"itemListElement\":[{\"@type\":\"ListItem\",\"position\":1,\"name\":\"Startseite\",\"item\":\"https:\/\/www.seabridge.de\/cs\/\"},{\"@type\":\"ListItem\",\"position\":2,\"name\":\"\u017d\u00e1dost\"}]},{\"@type\":\"WebSite\",\"@id\":\"https:\/\/www.seabridge.de\/#website\",\"url\":\"https:\/\/www.seabridge.de\/\",\"name\":\"Seabridge Transport GmbH\",\"description\":\"Weltweite Logistik\",\"potentialAction\":[{\"@type\":\"SearchAction\",\"target\":{\"@type\":\"EntryPoint\",\"urlTemplate\":\"https:\/\/www.seabridge.de\/?s={search_term_string}\"},\"query-input\":\"required name=search_term_string\"}],\"inLanguage\":\"cs\"}]}<\/script>\n<!-- \/ Yoast SEO plugin. -->","yoast_head_json":{"title":"\u017d\u00e1dost - Seabridge Transport GmbH","robots":{"index":"index","follow":"follow","max-snippet":"max-snippet:-1","max-image-preview":"max-image-preview:large","max-video-preview":"max-video-preview:-1"},"canonical":"https:\/\/www.seabridge.de\/cs\/zadost\/","og_locale":"cs_CZ","og_type":"article","og_title":"\u017d\u00e1dost - Seabridge Transport GmbH","og_url":"https:\/\/www.seabridge.de\/cs\/zadost\/","og_site_name":"Seabridge Transport GmbH","article_modified_time":"2024-05-06T11:30:57+00:00","og_image":[{"width":2500,"height":1669,"url":"https:\/\/www.seabridge.de\/wp-content\/uploads\/2022\/11\/f_social-image.jpg","type":"image\/jpeg"}],"twitter_card":"summary_large_image","twitter_misc":{"Odhadovan\u00e1 doba \u010dten\u00ed":"1 minuta"},"schema":{"@context":"https:\/\/schema.org","@graph":[{"@type":"WebPage","@id":"https:\/\/www.seabridge.de\/cs\/zadost\/","url":"https:\/\/www.seabridge.de\/cs\/zadost\/","name":"\u017d\u00e1dost - Seabridge Transport GmbH","isPartOf":{"@id":"https:\/\/www.seabridge.de\/#website"},"datePublished":"2022-06-10T10:17:34+00:00","dateModified":"2024-05-06T11:30:57+00:00","breadcrumb":{"@id":"https:\/\/www.seabridge.de\/cs\/zadost\/#breadcrumb"},"inLanguage":"cs","potentialAction":[{"@type":"ReadAction","target":["https:\/\/www.seabridge.de\/cs\/zadost\/"]}]},{"@type":"BreadcrumbList","@id":"https:\/\/www.seabridge.de\/cs\/zadost\/#breadcrumb","itemListElement":[{"@type":"ListItem","position":1,"name":"Startseite","item":"https:\/\/www.seabridge.de\/cs\/"},{"@type":"ListItem","position":2,"name":"\u017d\u00e1dost"}]},{"@type":"WebSite","@id":"https:\/\/www.seabridge.de\/#website","url":"https:\/\/www.seabridge.de\/","name":"Seabridge Transport GmbH","description":"Weltweite Logistik","potentialAction":[{"@type":"SearchAction","target":{"@type":"EntryPoint","urlTemplate":"https:\/\/www.seabridge.de\/?s={search_term_string}"},"query-input":"required name=search_term_string"}],"inLanguage":"cs"}]}},"_links":{"self":[{"href":"https:\/\/www.seabridge.de\/cs\/wp-json\/wp\/v2\/pages\/14112","targetHints":{"allow":["GET"]}}],"collection":[{"href":"https:\/\/www.seabridge.de\/cs\/wp-json\/wp\/v2\/pages"}],"about":[{"href":"https:\/\/www.seabridge.de\/cs\/wp-json\/wp\/v2\/types\/page"}],"author":[{"embeddable":true,"href":"https:\/\/www.seabridge.de\/cs\/wp-json\/wp\/v2\/users\/2"}],"replies":[{"embeddable":true,"href":"https:\/\/www.seabridge.de\/cs\/wp-json\/wp\/v2\/comments?post=14112"}],"version-history":[{"count":19,"href":"https:\/\/www.seabridge.de\/cs\/wp-json\/wp\/v2\/pages\/14112\/revisions"}],"predecessor-version":[{"id":14314,"href":"https:\/\/www.seabridge.de\/cs\/wp-json\/wp\/v2\/pages\/14112\/revisions\/14314"}],"wp:attachment":[{"href":"https:\/\/www.seabridge.de\/cs\/wp-json\/wp\/v2\/media?parent=14112"}],"curies":[{"name":"wp","href":"https:\/\/api.w.org\/{rel}","templated":true}]}}