{"id":14102,"date":"2022-06-10T12:16:59","date_gmt":"2022-06-10T10:16:59","guid":{"rendered":"https:\/\/www.seabridge.de\/projektova-logistika\/"},"modified":"2023-08-10T12:52:26","modified_gmt":"2023-08-10T10:52:26","slug":"projektova-logistika","status":"publish","type":"page","link":"https:\/\/www.seabridge.de\/cs\/projektova-logistika\/","title":{"rendered":"Projektov\u00e1 logistika"},"content":{"rendered":"<section class=\"l-section wpb_row us_custom_c70c97eb height_auto width_full\"><div class=\"l-section-h i-cf\"><div class=\"g-cols vc_row via_flex valign_middle type_default stacking_default\"><div class=\"vc_col-sm-12 vc_hidden-lg wpb_column vc_column_container \"><div class=\"vc_column-inner us_custom_177b8b17 us_animate_this\"><div class=\"wpb_wrapper\"><div class=\"w-separator size_custom\" style=\"height:1.5rem\"><\/div><div class=\"g-cols wpb_row via_flex valign_top type_default stacking_default\"><div class=\"vc_col-sm-12 vc_hidden-xs wpb_column vc_column_container\"><div class=\"vc_column-inner\"><div class=\"wpb_wrapper\"><div class=\"w-image rundkomplett has_ratio align_none\"><div class=\"w-image-h\"><div style=\"padding-bottom:66.6667%\"><\/div><img loading=\"lazy\" decoding=\"async\" width=\"2120\" height=\"1415\" src=\"https:\/\/www.seabridge.de\/wp-content\/uploads\/2022\/06\/iStock-1251328860.jpg\" class=\"attachment-full size-full\" alt=\"\" srcset=\"https:\/\/www.seabridge.de\/wp-content\/uploads\/2022\/06\/iStock-1251328860.jpg 2120w, https:\/\/www.seabridge.de\/wp-content\/uploads\/2022\/06\/iStock-1251328860-300x200.jpg 300w, https:\/\/www.seabridge.de\/wp-content\/uploads\/2022\/06\/iStock-1251328860-1024x683.jpg 1024w, https:\/\/www.seabridge.de\/wp-content\/uploads\/2022\/06\/iStock-1251328860-1320x881.jpg 1320w\" sizes=\"auto, (max-width: 2120px) 100vw, 2120px\" \/><\/div><\/div><\/div><\/div><\/div><\/div><div class=\"g-cols wpb_row via_flex valign_top type_default stacking_default\"><div class=\"vc_col-sm-12 vc_hidden-lg vc_hidden-md vc_hidden-sm wpb_column vc_column_container\"><div class=\"vc_column-inner\"><div class=\"wpb_wrapper\"><div class=\"w-image rundkomplett has_ratio align_none\"><div class=\"w-image-h\"><div style=\"padding-bottom:100%\"><\/div><img loading=\"lazy\" decoding=\"async\" width=\"2120\" height=\"1415\" src=\"https:\/\/www.seabridge.de\/wp-content\/uploads\/2022\/06\/iStock-1251328860.jpg\" class=\"attachment-full size-full\" alt=\"\" srcset=\"https:\/\/www.seabridge.de\/wp-content\/uploads\/2022\/06\/iStock-1251328860.jpg 2120w, https:\/\/www.seabridge.de\/wp-content\/uploads\/2022\/06\/iStock-1251328860-300x200.jpg 300w, https:\/\/www.seabridge.de\/wp-content\/uploads\/2022\/06\/iStock-1251328860-1024x683.jpg 1024w, https:\/\/www.seabridge.de\/wp-content\/uploads\/2022\/06\/iStock-1251328860-1320x881.jpg 1320w\" sizes=\"auto, (max-width: 2120px) 100vw, 2120px\" \/><\/div><\/div><\/div><\/div><\/div><\/div><\/div><\/div><\/div><div class=\"vc_col-sm-12 vc_col-lg-6 wpb_column vc_column_container  has_bg_color\"><div class=\"vc_column-inner us_custom_07ed09e6 us_animate_this\"><div class=\"wpb_wrapper\"><div class=\"g-cols wpb_row us_custom_de17b62c via_flex valign_top type_default stacking_default\"><div class=\"vc_col-sm-12 wpb_column vc_column_container\"><div class=\"vc_column-inner\"><div class=\"wpb_wrapper\"><div class=\"wpb_text_column us_custom_8889e6af has_text_color\"><div class=\"wpb_wrapper\"><p style=\"text-align: left;\">v\u00fdkonov\u00fd rozsah<\/p>\n<\/div><\/div><div class=\"w-separator size_small\"><\/div><div class=\"wpb_text_column us_custom_fa66e1e0 has_text_color\"><div class=\"wpb_wrapper\"><p style=\"text-align: left;\">Projektov\u00e1 logistika<\/p>\n<\/div><\/div><div class=\"wpb_text_column\"><div class=\"wpb_wrapper\"><p>Obzvl\u00e1\u0161t\u011b velk\u00e9, velmi t\u011b\u017ek\u00e9, obzvl\u00e1\u0161t\u011b citliv\u00e9 \u2013 a v mnoha p\u0159\u00edpadech zcela jedine\u010dn\u00e9. Jedn\u00e1 se o zbo\u017e\u00ed, kter\u00e9 pro p\u0159epravu z bodu A do bodu B vy\u017eaduje speci\u00e1ln\u00ed manipulaci.<\/p>\n<p>To zahrnuje v\u00edce ne\u017e jen speci\u00e1ln\u00ed techniky balen\u00ed a p\u0159epravy. \u0158e\u0161en\u00ed slo\u017eit\u00fdch administrativn\u00edch z\u00e1le\u017eitost\u00ed a poskytov\u00e1n\u00ed in\u017een\u00fdrsk\u00fdch slu\u017eeb pro v\u00fdstavbu z\u00e1vod\u016f na kl\u00ed\u010d \u201epoh\u00e1n\u011bn\u00fdch spole\u010dnost\u00ed Seabridge\u201c V\u00e1m zna\u010dn\u011b usnadn\u00ed pr\u00e1ci.<\/p>\n<\/div><\/div><div class=\"w-separator size_small\"><\/div><div class=\"w-btn-wrapper align_none\"><a class=\"w-btn us-btn-style_1 icon_atright\" href=\"#mehr-erfahren\"><span class=\"w-btn-label\">Dozv\u011bd\u011bt se v\u00edce<\/span><i class=\"fad fa-long-arrow-down\"><\/i><\/a><\/div><div class=\"w-btn-wrapper align_none\"><a class=\"w-btn us-btn-style_22 icon_atright\" title=\"Kontakty\" href=\"https:\/\/seabridge.de\/kontakt\/\"><span class=\"w-btn-label\">Kontakty<\/span><i class=\"fad fa-long-arrow-right\"><\/i><\/a><\/div><\/div><\/div><\/div><\/div><\/div><\/div><\/div><div class=\"vc_col-sm-12 vc_col-lg-6 vc_hidden-md vc_hidden-sm vc_hidden-xs wpb_column vc_column_container  has_bg_color\"><div class=\"vc_column-inner us_custom_8b84e8b4 us_animate_this\"><div class=\"wpb_wrapper\"><\/div><\/div><\/div><\/div><\/div><\/section><section class=\"l-section wpb_row us_custom_f1dc88ad height_auto\"><div class=\"l-section-h i-cf\"><div class=\"g-cols vc_row via_flex valign_top type_default stacking_default\"><div class=\"vc_col-sm-12 wpb_column vc_column_container\"><div class=\"vc_column-inner\"><div class=\"wpb_wrapper\"><div class=\"w-separator size_huge\"><\/div><\/div><\/div><\/div><\/div><\/div><\/section><section class=\"l-section wpb_row height_auto\" id=\"dozv\u011bd\u011bt se v\u00edce\"><div class=\"l-section-h i-cf\"><div class=\"g-cols vc_row via_flex valign_top type_default stacking_default\"><div class=\"vc_col-sm-2 wpb_column vc_column_container\"><div class=\"vc_column-inner\"><div class=\"wpb_wrapper\"><\/div><\/div><\/div><div class=\"vc_col-sm-8 wpb_column vc_column_container \"><div class=\"vc_column-inner us_custom_b4851f87 us_animate_this\"><div class=\"wpb_wrapper\"><div class=\"g-cols wpb_row via_flex valign_top type_default stacking_default\"><div class=\"vc_col-sm-12 wpb_column vc_column_container\"><div class=\"vc_column-inner\"><div class=\"wpb_wrapper\"><div class=\"wpb_text_column\"><div class=\"wpb_wrapper\"><h2>P\u0159emos\u0165ov\u00e1n\u00ed Va\u0161ich produkt\u016f<\/h2>\n<\/div><\/div><div class=\"wpb_text_column\"><div class=\"wpb_wrapper\"><p>\u201eV pr\u016fmyslu, v technick\u00e9 infrastruktu\u0159e, ve sv\u011bt\u011b dopravy a architektury se v\u0161ude setk\u00e1v\u00e1me s v\u011bcmi, kter\u00e9 se zdaj\u00ed b\u00fdt obt\u00ed\u017en\u00e9, ne-li nemo\u017en\u00e9, dostat se na m\u00edsto ur\u010den\u00ed.<\/p>\n<p>Nal\u00e9z\u00e1n\u00ed \u0159e\u0161en\u00ed t\u011bchto v\u00fdzev jsme u\u010dinili jednou z na\u0161ich hlavn\u00edch kompetenc\u00ed. A pro V\u00e1s to znamen\u00e1 v\u00fdhodu pro z\u00e1kazn\u00edky.\u201c<\/p>\n<\/div><\/div><\/div><\/div><\/div><\/div><div class=\"w-separator size_huge\"><\/div><\/div><\/div><\/div><div class=\"vc_col-sm-2 wpb_column vc_column_container\"><div class=\"vc_column-inner\"><div class=\"wpb_wrapper\"><\/div><\/div><\/div><\/div><\/div><\/section><section class=\"l-section wpb_row height_auto\"><div class=\"l-section-h i-cf\"><div class=\"g-cols vc_row via_flex valign_top type_default stacking_default\"><div class=\"vc_col-sm-12 wpb_column vc_column_container \"><div class=\"vc_column-inner us_custom_6c0ee9e8 us_animate_this\"><div class=\"wpb_wrapper\"><div class=\"w-separator size_custom with_line width_default thick_1 style_solid color_border align_center\" style=\"height:2px\"><div class=\"w-separator-h\"><\/div><\/div><\/div><\/div><\/div><\/div><\/div><\/section><section class=\"l-section wpb_row height_huge\"><div class=\"l-section-h i-cf\"><div class=\"g-cols vc_row via_flex valign_top type_default stacking_default\"><div class=\"vc_col-sm-12 vc_col-lg-6 vc_col-md-6 wpb_column vc_column_container \"><div class=\"vc_column-inner us_custom_c6ca2907 us_animate_this\"><div class=\"wpb_wrapper\"><div class=\"w-separator  hide_on_tablets hide_on_mobiles size_small\"><\/div><div class=\"w-separator  hide_on_tablets hide_on_mobiles size_small\"><\/div><div class=\"g-cols wpb_row via_flex valign_top type_default stacking_default\"><div class=\"vc_col-sm-12 vc_col-lg-10 wpb_column vc_column_container\"><div class=\"vc_column-inner\"><div class=\"wpb_wrapper\"><div class=\"wpb_text_column us_custom_33e62e98\"><div class=\"wpb_wrapper\"><h3>Pokud m\u00e1te dotazy nebo chcete obdr\u017eet konkr\u00e9tn\u00ed nab\u00eddku, kontaktujte n\u00e1s pros\u00edm p\u0159\u00edmo:<\/h3>\n<\/div><\/div><div class=\"w-separator size_custom\" style=\"height:1px\"><\/div><\/div><\/div><\/div><div class=\"vc_col-sm-2 wpb_column vc_column_container\"><div class=\"vc_column-inner\"><div class=\"wpb_wrapper\"><\/div><\/div><\/div><\/div><\/div><\/div><\/div><div class=\"vc_col-sm-12 vc_col-lg-6 vc_col-md-6 wpb_column vc_column_container \"><div class=\"vc_column-inner us_custom_58cf3eb3 us_animate_this\"><div class=\"wpb_wrapper\"><div class=\"w-separator  hide_on_default hide_on_tablets hide_on_mobiles size_custom\" style=\"height:10px\"><\/div><div class=\"g-cols wpb_row via_flex valign_middle type_default stacking_default\"><div class=\"vc_col-sm-8 wpb_column vc_column_container\"><div class=\"vc_column-inner\"><div class=\"wpb_wrapper\"><div class=\"w-separator  hide_on_default hide_on_laptops hide_on_tablets size_small\"><\/div><div class=\"wpb_text_column us_custom_3090c82c\"><div class=\"wpb_wrapper\"><h4>Dennis Beneke<\/h4>\n<\/div><\/div><div class=\"wpb_text_column us_custom_e53deb9b\"><div class=\"wpb_wrapper\"><p>\u0158editel prodeje a marketingu (opr\u00e1vn\u011bn\u00fd signat\u00e1\u0159)<\/p>\n<\/div><\/div><\/div><\/div><\/div><div class=\"vc_col-sm-4 wpb_column vc_column_container\"><div class=\"vc_column-inner us_custom_ad70f7de\"><div class=\"wpb_wrapper\"><div class=\"w-separator  hide_on_default hide_on_laptops hide_on_tablets size_small\"><\/div><div class=\"w-separator  hide_on_default hide_on_laptops hide_on_tablets size_small\"><\/div><div class=\"w-image align_none\"><div class=\"w-image-h\"><img loading=\"lazy\" decoding=\"async\" width=\"1932\" height=\"1932\" src=\"https:\/\/www.seabridge.de\/wp-content\/uploads\/2022\/09\/team-beneke.png\" class=\"attachment-full size-full\" alt=\"\" srcset=\"https:\/\/www.seabridge.de\/wp-content\/uploads\/2022\/09\/team-beneke.png 1932w, https:\/\/www.seabridge.de\/wp-content\/uploads\/2022\/09\/team-beneke-300x300.png 300w, https:\/\/www.seabridge.de\/wp-content\/uploads\/2022\/09\/team-beneke-1024x1024.png 1024w, https:\/\/www.seabridge.de\/wp-content\/uploads\/2022\/09\/team-beneke-150x150.png 150w, https:\/\/www.seabridge.de\/wp-content\/uploads\/2022\/09\/team-beneke-1320x1320.png 1320w\" sizes=\"auto, (max-width: 1932px) 100vw, 1932px\" \/><\/div><\/div><\/div><\/div><\/div><\/div><div class=\"w-separator size_small\"><\/div><div class=\"w-separator size_small\"><\/div><div class=\"w-btn-wrapper width_full\"><a class=\"w-btn us-btn-style_1 icon_atleft\" href=\"tel:+494037493334\"><i class=\"fad fa-phone-alt\"><\/i><span class=\"w-btn-label\">+49 40 374933-34<\/span><\/a><\/div><div class=\"w-separator size_small\"><\/div><div class=\"w-btn-wrapper width_full\"><a class=\"w-btn us-btn-style_22 icon_atleft\" href=\"mailto:beneke@seabridge.de\"><i class=\"fad fa-envelope\"><\/i><span class=\"w-btn-label\">beneke(at)seabridge.de<\/span><\/a><\/div><div class=\"w-separator size_small\"><\/div><div class=\"wpb_text_column\"><div class=\"wpb_wrapper\"><p><em>Nebo vyberte p\u0159\u00edmou kontaktn\u00ed osobu z p\u0159ehledu v polo\u017ece nab\u00eddky \u201eKontakt\u201c.<\/em><\/p>\n<\/div><\/div><\/div><\/div><\/div><\/div><\/div><\/section>\n","protected":false},"excerpt":{"rendered":"v\u00fdkonov\u00fd rozsah Projektov\u00e1 logistika Obzvl\u00e1\u0161t\u011b velk\u00e9, velmi t\u011b\u017ek\u00e9, obzvl\u00e1\u0161t\u011b citliv\u00e9 \u2013 a v mnoha p\u0159\u00edpadech zcela jedine\u010dn\u00e9. Jedn\u00e1 se o zbo\u017e\u00ed, kter\u00e9 pro p\u0159epravu z bodu A do bodu B vy\u017eaduje speci\u00e1ln\u00ed manipulaci. To zahrnuje v\u00edce ne\u017e jen speci\u00e1ln\u00ed techniky balen\u00ed a p\u0159epravy. \u0158e\u0161en\u00ed slo\u017eit\u00fdch administrativn\u00edch z\u00e1le\u017eitost\u00ed a poskytov\u00e1n\u00ed in\u017een\u00fdrsk\u00fdch slu\u017eeb pro v\u00fdstavbu z\u00e1vod\u016f na...","protected":false},"author":2,"featured_media":0,"parent":0,"menu_order":0,"comment_status":"closed","ping_status":"closed","template":"","meta":{"footnotes":"","_links_to":"","_links_to_target":""},"class_list":["post-14102","page","type-page","status-publish","hentry"],"yoast_head":"<!-- This site is optimized with the Yoast SEO plugin v22.9 - https:\/\/yoast.com\/wordpress\/plugins\/seo\/ -->\n<title>Projektov\u00e1 logistika - Seabridge Transport GmbH<\/title>\n<meta name=\"robots\" content=\"index, follow, max-snippet:-1, max-image-preview:large, max-video-preview:-1\" \/>\n<link rel=\"canonical\" href=\"https:\/\/www.seabridge.de\/cs\/projektova-logistika\/\" \/>\n<meta property=\"og:locale\" content=\"cs_CZ\" \/>\n<meta property=\"og:type\" content=\"article\" \/>\n<meta property=\"og:title\" content=\"Projektov\u00e1 logistika - Seabridge Transport GmbH\" \/>\n<meta property=\"og:url\" content=\"https:\/\/www.seabridge.de\/cs\/projektova-logistika\/\" \/>\n<meta property=\"og:site_name\" content=\"Seabridge Transport GmbH\" \/>\n<meta property=\"article:modified_time\" content=\"2023-08-10T10:52:26+00:00\" \/>\n<meta property=\"og:image\" content=\"https:\/\/www.seabridge.de\/wp-content\/uploads\/2022\/11\/f_social-image.jpg\" \/>\n\t<meta property=\"og:image:width\" content=\"2500\" \/>\n\t<meta property=\"og:image:height\" content=\"1669\" \/>\n\t<meta property=\"og:image:type\" content=\"image\/jpeg\" \/>\n<meta name=\"twitter:card\" content=\"summary_large_image\" \/>\n<meta name=\"twitter:label1\" content=\"Odhadovan\u00e1 doba \u010dten\u00ed\" \/>\n\t<meta name=\"twitter:data1\" content=\"2 minuty\" \/>\n<script type=\"application\/ld+json\" class=\"yoast-schema-graph\">{\"@context\":\"https:\/\/schema.org\",\"@graph\":[{\"@type\":\"WebPage\",\"@id\":\"https:\/\/www.seabridge.de\/cs\/projektova-logistika\/\",\"url\":\"https:\/\/www.seabridge.de\/cs\/projektova-logistika\/\",\"name\":\"Projektov\u00e1 logistika - Seabridge Transport GmbH\",\"isPartOf\":{\"@id\":\"https:\/\/www.seabridge.de\/#website\"},\"datePublished\":\"2022-06-10T10:16:59+00:00\",\"dateModified\":\"2023-08-10T10:52:26+00:00\",\"breadcrumb\":{\"@id\":\"https:\/\/www.seabridge.de\/cs\/projektova-logistika\/#breadcrumb\"},\"inLanguage\":\"cs\",\"potentialAction\":[{\"@type\":\"ReadAction\",\"target\":[\"https:\/\/www.seabridge.de\/cs\/projektova-logistika\/\"]}]},{\"@type\":\"BreadcrumbList\",\"@id\":\"https:\/\/www.seabridge.de\/cs\/projektova-logistika\/#breadcrumb\",\"itemListElement\":[{\"@type\":\"ListItem\",\"position\":1,\"name\":\"Startseite\",\"item\":\"https:\/\/www.seabridge.de\/cs\/\"},{\"@type\":\"ListItem\",\"position\":2,\"name\":\"Projektov\u00e1 logistika\"}]},{\"@type\":\"WebSite\",\"@id\":\"https:\/\/www.seabridge.de\/#website\",\"url\":\"https:\/\/www.seabridge.de\/\",\"name\":\"Seabridge Transport GmbH\",\"description\":\"Weltweite Logistik\",\"potentialAction\":[{\"@type\":\"SearchAction\",\"target\":{\"@type\":\"EntryPoint\",\"urlTemplate\":\"https:\/\/www.seabridge.de\/?s={search_term_string}\"},\"query-input\":\"required name=search_term_string\"}],\"inLanguage\":\"cs\"}]}<\/script>\n<!-- \/ Yoast SEO plugin. -->","yoast_head_json":{"title":"Projektov\u00e1 logistika - Seabridge Transport GmbH","robots":{"index":"index","follow":"follow","max-snippet":"max-snippet:-1","max-image-preview":"max-image-preview:large","max-video-preview":"max-video-preview:-1"},"canonical":"https:\/\/www.seabridge.de\/cs\/projektova-logistika\/","og_locale":"cs_CZ","og_type":"article","og_title":"Projektov\u00e1 logistika - Seabridge Transport GmbH","og_url":"https:\/\/www.seabridge.de\/cs\/projektova-logistika\/","og_site_name":"Seabridge Transport GmbH","article_modified_time":"2023-08-10T10:52:26+00:00","og_image":[{"width":2500,"height":1669,"url":"https:\/\/www.seabridge.de\/wp-content\/uploads\/2022\/11\/f_social-image.jpg","type":"image\/jpeg"}],"twitter_card":"summary_large_image","twitter_misc":{"Odhadovan\u00e1 doba \u010dten\u00ed":"2 minuty"},"schema":{"@context":"https:\/\/schema.org","@graph":[{"@type":"WebPage","@id":"https:\/\/www.seabridge.de\/cs\/projektova-logistika\/","url":"https:\/\/www.seabridge.de\/cs\/projektova-logistika\/","name":"Projektov\u00e1 logistika - Seabridge Transport GmbH","isPartOf":{"@id":"https:\/\/www.seabridge.de\/#website"},"datePublished":"2022-06-10T10:16:59+00:00","dateModified":"2023-08-10T10:52:26+00:00","breadcrumb":{"@id":"https:\/\/www.seabridge.de\/cs\/projektova-logistika\/#breadcrumb"},"inLanguage":"cs","potentialAction":[{"@type":"ReadAction","target":["https:\/\/www.seabridge.de\/cs\/projektova-logistika\/"]}]},{"@type":"BreadcrumbList","@id":"https:\/\/www.seabridge.de\/cs\/projektova-logistika\/#breadcrumb","itemListElement":[{"@type":"ListItem","position":1,"name":"Startseite","item":"https:\/\/www.seabridge.de\/cs\/"},{"@type":"ListItem","position":2,"name":"Projektov\u00e1 logistika"}]},{"@type":"WebSite","@id":"https:\/\/www.seabridge.de\/#website","url":"https:\/\/www.seabridge.de\/","name":"Seabridge Transport GmbH","description":"Weltweite Logistik","potentialAction":[{"@type":"SearchAction","target":{"@type":"EntryPoint","urlTemplate":"https:\/\/www.seabridge.de\/?s={search_term_string}"},"query-input":"required name=search_term_string"}],"inLanguage":"cs"}]}},"_links":{"self":[{"href":"https:\/\/www.seabridge.de\/cs\/wp-json\/wp\/v2\/pages\/14102","targetHints":{"allow":["GET"]}}],"collection":[{"href":"https:\/\/www.seabridge.de\/cs\/wp-json\/wp\/v2\/pages"}],"about":[{"href":"https:\/\/www.seabridge.de\/cs\/wp-json\/wp\/v2\/types\/page"}],"author":[{"embeddable":true,"href":"https:\/\/www.seabridge.de\/cs\/wp-json\/wp\/v2\/users\/2"}],"replies":[{"embeddable":true,"href":"https:\/\/www.seabridge.de\/cs\/wp-json\/wp\/v2\/comments?post=14102"}],"version-history":[{"count":3,"href":"https:\/\/www.seabridge.de\/cs\/wp-json\/wp\/v2\/pages\/14102\/revisions"}],"predecessor-version":[{"id":14166,"href":"https:\/\/www.seabridge.de\/cs\/wp-json\/wp\/v2\/pages\/14102\/revisions\/14166"}],"wp:attachment":[{"href":"https:\/\/www.seabridge.de\/cs\/wp-json\/wp\/v2\/media?parent=14102"}],"curies":[{"name":"wp","href":"https:\/\/api.w.org\/{rel}","templated":true}]}}