{"id":14095,"date":"2022-06-10T12:17:24","date_gmt":"2022-06-10T10:17:24","guid":{"rendered":"https:\/\/www.seabridge.de\/kvalita-a-bezpecnost\/"},"modified":"2024-05-03T13:42:10","modified_gmt":"2024-05-03T11:42:10","slug":"kvalita-a-bezpecnost","status":"publish","type":"page","link":"https:\/\/www.seabridge.de\/cs\/kvalita-a-bezpecnost\/","title":{"rendered":"Kvalita a bezpe\u010dnost"},"content":{"rendered":"<section class=\"l-section wpb_row us_custom_c70c97eb height_auto width_full\"><div class=\"l-section-h i-cf\"><div class=\"g-cols vc_row via_flex valign_middle type_default stacking_default\"><div class=\"vc_col-sm-12 vc_hidden-lg wpb_column vc_column_container \"><div class=\"vc_column-inner us_custom_177b8b17 us_animate_this\"><div class=\"wpb_wrapper\"><div class=\"w-separator size_custom\" style=\"height:1.5rem\"><\/div><div class=\"g-cols wpb_row via_flex valign_top type_default stacking_default\"><div class=\"vc_col-sm-12 vc_hidden-xs wpb_column vc_column_container\"><div class=\"vc_column-inner\"><div class=\"wpb_wrapper\"><div class=\"w-image rundkomplett has_ratio align_none\"><div class=\"w-image-h\"><div style=\"padding-bottom:66.6667%\"><\/div><img loading=\"lazy\" decoding=\"async\" width=\"2121\" height=\"1414\" src=\"https:\/\/www.seabridge.de\/wp-content\/uploads\/2022\/06\/iStock-832285728.jpg\" class=\"attachment-full size-full\" alt=\"\" srcset=\"https:\/\/www.seabridge.de\/wp-content\/uploads\/2022\/06\/iStock-832285728.jpg 2121w, https:\/\/www.seabridge.de\/wp-content\/uploads\/2022\/06\/iStock-832285728-300x200.jpg 300w, https:\/\/www.seabridge.de\/wp-content\/uploads\/2022\/06\/iStock-832285728-1024x683.jpg 1024w, https:\/\/www.seabridge.de\/wp-content\/uploads\/2022\/06\/iStock-832285728-1320x880.jpg 1320w\" sizes=\"auto, (max-width: 2121px) 100vw, 2121px\" \/><\/div><\/div><\/div><\/div><\/div><\/div><div class=\"g-cols wpb_row via_flex valign_top type_default stacking_default\"><div class=\"vc_col-sm-12 vc_hidden-lg vc_hidden-md vc_hidden-sm wpb_column vc_column_container\"><div class=\"vc_column-inner\"><div class=\"wpb_wrapper\"><div class=\"w-image rundkomplett has_ratio align_none\"><div class=\"w-image-h\"><div style=\"padding-bottom:100%\"><\/div><img loading=\"lazy\" decoding=\"async\" width=\"2121\" height=\"1414\" src=\"https:\/\/www.seabridge.de\/wp-content\/uploads\/2022\/06\/iStock-832285728.jpg\" class=\"attachment-full size-full\" alt=\"\" srcset=\"https:\/\/www.seabridge.de\/wp-content\/uploads\/2022\/06\/iStock-832285728.jpg 2121w, https:\/\/www.seabridge.de\/wp-content\/uploads\/2022\/06\/iStock-832285728-300x200.jpg 300w, https:\/\/www.seabridge.de\/wp-content\/uploads\/2022\/06\/iStock-832285728-1024x683.jpg 1024w, https:\/\/www.seabridge.de\/wp-content\/uploads\/2022\/06\/iStock-832285728-1320x880.jpg 1320w\" sizes=\"auto, (max-width: 2121px) 100vw, 2121px\" \/><\/div><\/div><\/div><\/div><\/div><\/div><\/div><\/div><\/div><div class=\"vc_col-sm-12 vc_col-lg-6 wpb_column vc_column_container  has_bg_color\"><div class=\"vc_column-inner us_custom_07ed09e6 us_animate_this\"><div class=\"wpb_wrapper\"><div class=\"g-cols wpb_row us_custom_de17b62c via_flex valign_top type_default stacking_default\"><div class=\"vc_col-sm-12 wpb_column vc_column_container\"><div class=\"vc_column-inner\"><div class=\"wpb_wrapper\"><div class=\"wpb_text_column us_custom_8889e6af has_text_color\"><div class=\"wpb_wrapper\"><p style=\"text-align: left;\">Kvalita a bezpe\u010dnost<\/p>\n<\/div><\/div><div class=\"w-separator size_small\"><\/div><div class=\"wpb_text_column us_custom_fa66e1e0 has_text_color\"><div class=\"wpb_wrapper\"><p style=\"text-align: left;\">P\u0159emos\u0165ov\u00e1n\u00ed rizik<\/p>\n<\/div><\/div><div class=\"wpb_text_column\"><div class=\"wpb_wrapper\"><p>Ud\u011bl\u00e1te maximum a tak\u00e9 budete od sv\u00fdch partner\u016f vy\u017eadovat to nejlep\u0161\u00ed, abychom zajistili bezpe\u010dn\u00fd p\u0159\u00edjezd Va\u0161\u00ed z\u00e1silky na m\u00edsto ur\u010den\u00ed. To je to, co d\u011bl\u00e1me.<\/p>\n<p>A d\u011bl\u00e1me v\u00edc. V p\u0159edv\u00edd\u00e1n\u00ed mo\u017en\u00fdch nep\u0159\u00edzniv\u00fdch okolnost\u00ed a na z\u00e1klad\u011b na\u0161ich dlouholet\u00fdch zku\u0161enost\u00ed se sna\u017e\u00edme, jak jen je to mo\u017en\u00e9, aby jste nebyli ohro\u017eeni.<\/p>\n<\/div><\/div><div class=\"wpb_text_column us_custom_6745946f has_text_color\"><div class=\"wpb_wrapper\"><h5>\u201eBezpe\u010dnost v\u017edy zahrnuje kvalitu. To je to, co m\u016f\u017eeme nab\u00eddnout\u201c<\/h5>\n<\/div><\/div><div class=\"w-separator size_small\"><\/div><div class=\"w-separator size_small\"><\/div><div class=\"w-iconbox  hide_on_tablets hide_on_mobiles iconpos_left style_default color_primary align_left icontype_img\"><div class=\"w-iconbox-icon\" style=\"font-size:200px;\"><img loading=\"lazy\" decoding=\"async\" width=\"1932\" height=\"1932\" src=\"https:\/\/www.seabridge.de\/wp-content\/uploads\/2022\/09\/team-reinhardt.png\" class=\"attachment-full size-full\" alt=\"\" srcset=\"https:\/\/www.seabridge.de\/wp-content\/uploads\/2022\/09\/team-reinhardt.png 1932w, https:\/\/www.seabridge.de\/wp-content\/uploads\/2022\/09\/team-reinhardt-300x300.png 300w, https:\/\/www.seabridge.de\/wp-content\/uploads\/2022\/09\/team-reinhardt-1024x1024.png 1024w, https:\/\/www.seabridge.de\/wp-content\/uploads\/2022\/09\/team-reinhardt-150x150.png 150w, https:\/\/www.seabridge.de\/wp-content\/uploads\/2022\/09\/team-reinhardt-1320x1320.png 1320w\" sizes=\"auto, (max-width: 1932px) 100vw, 1932px\" \/><\/div><div class=\"w-iconbox-meta\"><h5 class=\"w-iconbox-title\">Angela Reinhardtov\u00e1<\/h5><div class=\"w-iconbox-text\"><h6>Vedouc\u00ed IT managementu (zmocn\u011bnec) Network<\/h6>\n<\/div><\/div><\/div><\/div><\/div><\/div><\/div><\/div><\/div><\/div><div class=\"vc_col-sm-12 vc_col-lg-6 vc_hidden-md vc_hidden-sm vc_hidden-xs wpb_column vc_column_container  has_bg_color\"><div class=\"vc_column-inner us_custom_2056a9e8 us_animate_this\"><div class=\"wpb_wrapper\"><\/div><\/div><\/div><\/div><\/div><\/section><section class=\"l-section wpb_row us_custom_f1dc88ad height_auto\"><div class=\"l-section-h i-cf\"><div class=\"g-cols vc_row via_flex valign_top type_default stacking_default\"><div class=\"vc_col-sm-12 wpb_column vc_column_container\"><div class=\"vc_column-inner\"><div class=\"wpb_wrapper\"><div class=\"w-separator size_huge\"><\/div><\/div><\/div><\/div><\/div><\/div><\/section><section class=\"l-section wpb_row height_auto\"><div class=\"l-section-h i-cf\"><div class=\"g-cols vc_row via_flex valign_top type_default stacking_default\"><div class=\"vc_col-sm-12 vc_col-lg-6 vc_col-md-6 wpb_column vc_column_container \"><div class=\"vc_column-inner us_custom_60e9caca us_animate_this\"><div class=\"wpb_wrapper\"><div class=\"wpb_text_column us_custom_b463d205 has_text_color\"><div class=\"wpb_wrapper\"><h4>Kompetence v oblasti \u0159\u00edzen\u00ed kvality a rizik je stejn\u011b d\u016fle\u017eit\u00e1 jako r\u016fznorod\u00e1. Seabridge to d\u011bl\u00e1 spravedliv\u011b prost\u0159ednictv\u00edm \u0159ady opat\u0159en\u00ed a nab\u00eddek<\/h4>\n<\/div><\/div><div class=\"w-separator size_custom\" style=\"height:1px\"><\/div><\/div><\/div><\/div><div class=\"vc_col-sm-12 vc_col-lg-6 vc_col-md-6 wpb_column vc_column_container \"><div class=\"vc_column-inner us_custom_f70d789f us_animate_this\"><div class=\"wpb_wrapper\"><div class=\"w-iconbox us_custom_e2aee182 iconpos_left style_circle color_custom align_left no_text\"><div class=\"w-iconbox-icon\" style=\"font-size:12px;background:var(--color-content-bg-alt);color:var(--color-content-primary);\"><i class=\"far fa-check\"><\/i><\/div><div class=\"w-iconbox-meta\"><p class=\"w-iconbox-title\">T\u00dcV S\u00dcD testoval syst\u00e9m managementu kvality podle ISO 9001<\/p><\/div><\/div><div class=\"w-separator size_small\"><\/div>[vc_raw_html]PGRpdiBjbGFzcz0idy1pY29uYm94IHVzX2N1c3RvbV9lMmFlZTE4MiBpY29ucG9zX2xlZnQgc3R5bGVfY2lyY2xlIGNvbG9yX2N1c3RvbSBhbGlnbl9sZWZ0IG5vX3RleHQiPjxhIHRhcmdldD0iX2JsYW5rIiBocmVmPSJodHRwOi8vd3d3LnNlYWJyaWRnZS5kZS93cC1jb250ZW50L3VwbG9hZHMvMjAyMy8wMy9BRU9fRl8xMDA4MDdfX1plcnRpZmlrYXRfbmV1Xy5wZGYiIHJlbD0ibm9vcGVuZXIiIGNsYXNzPSJ3LWljb25ib3gtbGluayIgYXJpYS1sYWJlbD0iWmVydGlmaXppZXJ1bmcgZHVyY2ggZGllIFpvbGx2ZXJ3YWx0dW5nIGFscyDigJ5adWdlbGFzc2VuZXIgV2lydHNjaGFmdGJldGVpbGlndGVy4oCcIChBRU8tRikiPjxkaXYgY2xhc3M9InctaWNvbmJveC1pY29uIiBzdHlsZT0iZm9udC1zaXplOjEycHg7YmFja2dyb3VuZDp2YXIoLS1jb2xvci1jb250ZW50LWJnLWFsdCk7Y29sb3I6dmFyKC0tY29sb3ItY29udGVudC1wcmltYXJ5KTsiPjxpIGNsYXNzPSJmYXIgZmEtY2hlY2siPjwvaT48c3BhbiBjbGFzcz0icmlwcGxlLWNvbnRhaW5lciI+PC9zcGFuPjwvZGl2PjwvYT48ZGl2IGNsYXNzPSJ3LWljb25ib3gtbWV0YSI+PGEgdGFyZ2V0PSJfYmxhbmsiIGhyZWY9Imh0dHBzOi8vd3d3LnNlYWJyaWRnZS5kZS93cC1jb250ZW50L3VwbG9hZHMvMjAyMy8wMy9BRU9fRl8xMDA4MDdfX1plcnRpZmlrYXRfbmV1Xy5wZGYiIHJlbD0ibm9vcGVuZXIiIGNsYXNzPSJ3LWljb25ib3gtbGluayIgYXJpYS1sYWJlbD0iWmVydGlmaXppZXJ1bmcgZHVyY2ggZGllIFpvbGx2ZXJ3YWx0dW5nIGFscyDigJ5adWdlbGFzc2VuZXIgV2lydHNjaGFmdGJldGVpbGlndGVy4oCcIChBRU8tRikiPjxwIGNsYXNzPSJ3LWljb25ib3gtdGl0bGUiPk9zdsSbZMSNZW7DrSBjZWxuw60gc3Byw6F2eSBqYWtvIOKAnm9wcsOhdm7Em27DvSBob3Nwb2TDocWZc2vDvSBzdWJqZWt04oCcICg8c3BhbiBzdHlsZT0iY29sb3I6IzAwNmViNyI+QUVPLUY8L3NwYW4+KTwvcD48L2E+PC9kaXY+PC9kaXY+Cg==[\/vc_raw_html]<div class=\"w-separator size_small\"><\/div><div class=\"w-iconbox us_custom_e2aee182 iconpos_left style_circle color_custom align_left no_text\"><div class=\"w-iconbox-icon\" style=\"font-size:12px;background:var(--color-content-bg-alt);color:var(--color-content-primary);\"><i class=\"far fa-check\"><\/i><\/div><div class=\"w-iconbox-meta\"><p class=\"w-iconbox-title\">pr\u016fb\u011b\u017en\u00e9 \u0161kolen\u00ed na\u0161ich zam\u011bstnanc\u016f<\/p><\/div><\/div><div class=\"w-separator size_small\"><\/div><div class=\"w-iconbox us_custom_e2aee182 iconpos_left style_circle color_custom align_left no_text\"><div class=\"w-iconbox-icon\" style=\"font-size:12px;background:var(--color-content-bg-alt);color:var(--color-content-primary);\"><i class=\"far fa-check\"><\/i><\/div><div class=\"w-iconbox-meta\"><p class=\"w-iconbox-title\">Dodr\u017eov\u00e1n\u00ed p\u0159edpis\u016f pro nebezpe\u010dn\u00e9 zbo\u017e\u00ed<\/p><\/div><\/div><div class=\"w-separator size_small\"><\/div><div class=\"w-iconbox us_custom_e2aee182 iconpos_left style_circle color_custom align_left no_text\"><div class=\"w-iconbox-icon\" style=\"font-size:12px;background:var(--color-content-bg-alt);color:var(--color-content-primary);\"><i class=\"far fa-check\"><\/i><\/div><div class=\"w-iconbox-meta\"><p class=\"w-iconbox-title\">neust\u00e1l\u00e9 sledov\u00e1n\u00ed a dodr\u017eov\u00e1n\u00ed mezin\u00e1rodn\u00edch bezpe\u010dnostn\u00edch a protiteroristick\u00fdch p\u0159edpis\u016f<\/p><\/div><\/div><div class=\"w-separator size_small\"><\/div><div class=\"w-iconbox us_custom_e2aee182 iconpos_left style_circle color_custom align_left no_text\"><div class=\"w-iconbox-icon\" style=\"font-size:12px;background:var(--color-content-bg-alt);color:var(--color-content-primary);\"><i class=\"far fa-check\"><\/i><\/div><div class=\"w-iconbox-meta\"><p class=\"w-iconbox-title\">pojistn\u00e1 \u0159e\u0161en\u00ed na m\u00edru<\/p><\/div><\/div><div class=\"w-separator size_small\"><\/div><div class=\"w-separator size_small\"><\/div><div class=\"w-separator size_small\"><\/div><div class=\"w-separator size_custom with_line width_default thick_1 style_solid color_border align_center\" style=\"height:2px\"><div class=\"w-separator-h\"><\/div><\/div><div class=\"w-separator size_small\"><\/div><div class=\"w-separator size_small\"><\/div><div class=\"wpb_text_column us_custom_67b53271\"><div class=\"wpb_wrapper\"><p>Bezpe\u010dnost a spolehlivost na nejvy\u0161\u0161\u00ed \u00farovni jsou pro n\u00e1s samoz\u0159ejmost\u00ed. A tak i pro v\u00e1s.<\/p>\n<\/div><\/div><\/div><\/div><\/div><\/div><\/div><\/section><section class=\"l-section wpb_row us_custom_ca68fb7d height_auto\"><div class=\"l-section-h i-cf\"><div class=\"g-cols vc_row via_flex valign_top type_default stacking_default\"><div class=\"vc_col-sm-12 wpb_column vc_column_container\"><div class=\"vc_column-inner\"><div class=\"wpb_wrapper\"><div class=\"w-separator size_huge\"><\/div><\/div><\/div><\/div><\/div><\/div><\/section><section class=\"l-section wpb_row us_custom_c70c97eb height_auto width_full\"><div class=\"l-section-h i-cf\"><div class=\"g-cols vc_row via_flex valign_top type_default stacking_default\"><div class=\"vc_col-sm-12 wpb_column vc_column_container\"><div class=\"vc_column-inner\"><div class=\"wpb_wrapper\"><section class=\"l-section wpb_row height_auto width_full\"><div class=\"l-section-h i-cf\"><div class=\"g-cols vc_row via_flex valign_middle type_default stacking_default\"><div class=\"vc_col-sm-12 vc_hidden-lg wpb_column vc_column_container \"><div class=\"vc_column-inner us_custom_3e409e94 us_animate_this\"><div class=\"wpb_wrapper\"><div class=\"g-cols wpb_row via_flex valign_top type_default stacking_default\"><div class=\"vc_col-sm-12 vc_hidden-xs wpb_column vc_column_container\"><div class=\"vc_column-inner\"><div class=\"wpb_wrapper\"><div class=\"w-image rundkomplett has_ratio align_none\"><div class=\"w-image-h\"><div style=\"padding-bottom:66.6667%\"><\/div><img loading=\"lazy\" decoding=\"async\" width=\"2059\" height=\"1456\" src=\"https:\/\/www.seabridge.de\/wp-content\/uploads\/2022\/06\/TUEV.jpg\" class=\"attachment-full size-full\" alt=\"\" srcset=\"https:\/\/www.seabridge.de\/wp-content\/uploads\/2022\/06\/TUEV.jpg 2059w, https:\/\/www.seabridge.de\/wp-content\/uploads\/2022\/06\/TUEV-300x212.jpg 300w, https:\/\/www.seabridge.de\/wp-content\/uploads\/2022\/06\/TUEV-1024x724.jpg 1024w, https:\/\/www.seabridge.de\/wp-content\/uploads\/2022\/06\/TUEV-1320x933.jpg 1320w\" sizes=\"auto, (max-width: 2059px) 100vw, 2059px\" \/><\/div><\/div><\/div><\/div><\/div><\/div><div class=\"g-cols wpb_row via_flex valign_top type_default stacking_default\"><div class=\"vc_col-sm-12 vc_hidden-lg vc_hidden-md vc_hidden-sm wpb_column vc_column_container\"><div class=\"vc_column-inner\"><div class=\"wpb_wrapper\"><div class=\"w-image rundkomplett has_ratio align_none\"><div class=\"w-image-h\"><div style=\"padding-bottom:100%\"><\/div><img loading=\"lazy\" decoding=\"async\" width=\"2059\" height=\"1456\" src=\"https:\/\/www.seabridge.de\/wp-content\/uploads\/2022\/06\/TUEV.jpg\" class=\"attachment-full size-full\" alt=\"\" srcset=\"https:\/\/www.seabridge.de\/wp-content\/uploads\/2022\/06\/TUEV.jpg 2059w, https:\/\/www.seabridge.de\/wp-content\/uploads\/2022\/06\/TUEV-300x212.jpg 300w, https:\/\/www.seabridge.de\/wp-content\/uploads\/2022\/06\/TUEV-1024x724.jpg 1024w, https:\/\/www.seabridge.de\/wp-content\/uploads\/2022\/06\/TUEV-1320x933.jpg 1320w\" sizes=\"auto, (max-width: 2059px) 100vw, 2059px\" \/><\/div><\/div><\/div><\/div><\/div><\/div><\/div><\/div><\/div><div class=\"vc_col-sm-12 vc_col-lg-6 wpb_column vc_column_container  has_bg_color\"><div class=\"vc_column-inner us_custom_4aae6e59 us_animate_this\"><div class=\"wpb_wrapper\"><div class=\"g-cols wpb_row us_custom_de17b62c via_flex valign_top type_default stacking_default\"><div class=\"vc_col-sm-12 wpb_column vc_column_container\"><div class=\"vc_column-inner\"><div class=\"wpb_wrapper\"><div class=\"wpb_text_column us_custom_8889e6af has_text_color\"><div class=\"wpb_wrapper\"><p style=\"text-align: left;\">T\u00dcV ISO 9001:2015<\/p>\n<\/div><\/div><div class=\"w-separator size_small\"><\/div><div class=\"wpb_text_column\"><div class=\"wpb_wrapper\"><h2 style=\"text-align: left;\">Kvalita v<br \/>\npop\u0159ed\u00ed!<\/h2>\n<\/div><\/div><div class=\"wpb_text_column us_custom_6745946f has_text_color\"><div class=\"wpb_wrapper\"><h5>Neust\u00e1l\u00e9 sledov\u00e1n\u00ed a zlep\u0161ov\u00e1n\u00ed kvality na\u0161ich slu\u017eeb je pro n\u00e1s nesm\u00edrn\u011b d\u016fle\u017eit\u00e9.<\/h5>\n<\/div><\/div><div class=\"wpb_text_column\"><div class=\"wpb_wrapper\"><p>R\u00e1di v\u00e1m oznamujeme, \u017ee na\u0161e syst\u00e9m \u0159\u00edzen\u00ed kvality byl dne 16. \u00fanora 2024 \u00fasp\u011b\u0161n\u011b certifikov\u00e1n podle normy <a href=\"http:\/\/www.seabridge.de\/wp-content\/uploads\/2024\/03\/ISO-9001-2015-min-2024-de.pdf\" target=\"_blank\" rel=\"noopener\">ISO 9001:2015<\/a> spole\u010dnost\u00ed T\u00dcV S\u00dcD.<\/p>\n<p>T\u00edmto zaji\u0161\u0165ujeme, \u017ee budeme i nad\u00e1le spl\u0148ovat vysok\u00e9 po\u017eadavky na kvalitu na\u0161ich z\u00e1kazn\u00edk\u016f.<\/p>\n<\/div><\/div><\/div><\/div><\/div><\/div><\/div><\/div><\/div><div class=\"vc_col-sm-12 vc_col-lg-6 vc_hidden-md vc_hidden-sm vc_hidden-xs wpb_column vc_column_container  has_bg_color\"><div class=\"vc_column-inner us_custom_8c00bce4 us_animate_this\"><div class=\"wpb_wrapper\"><\/div><\/div><\/div><\/div><\/div><\/section>\n<\/div><\/div><\/div><\/div><\/div><\/section><section class=\"l-section wpb_row us_custom_f1dc88ad height_auto\"><div class=\"l-section-h i-cf\"><div class=\"g-cols vc_row via_flex valign_top type_default stacking_default\"><div class=\"vc_col-sm-12 wpb_column vc_column_container\"><div class=\"vc_column-inner\"><div class=\"wpb_wrapper\"><div class=\"w-separator size_huge\"><\/div><\/div><\/div><\/div><\/div><\/div><\/section><section class=\"l-section wpb_row height_auto\"><div class=\"l-section-h i-cf\"><div class=\"g-cols vc_row via_flex valign_top type_default stacking_default\"><div class=\"vc_col-sm-12 wpb_column vc_column_container\"><div class=\"vc_column-inner\"><div class=\"wpb_wrapper\"><div class=\"w-separator size_huge\"><\/div><\/div><\/div><\/div><\/div><\/div><\/section>\n","protected":false},"excerpt":{"rendered":"Kvalita a bezpe\u010dnost P\u0159emos\u0165ov\u00e1n\u00ed rizik Ud\u011bl\u00e1te maximum a tak\u00e9 budete od sv\u00fdch partner\u016f vy\u017eadovat to nejlep\u0161\u00ed, abychom zajistili bezpe\u010dn\u00fd p\u0159\u00edjezd Va\u0161\u00ed z\u00e1silky na m\u00edsto ur\u010den\u00ed. To je to, co d\u011bl\u00e1me. A d\u011bl\u00e1me v\u00edc. V p\u0159edv\u00edd\u00e1n\u00ed mo\u017en\u00fdch nep\u0159\u00edzniv\u00fdch okolnost\u00ed a na z\u00e1klad\u011b na\u0161ich dlouholet\u00fdch zku\u0161enost\u00ed se sna\u017e\u00edme, jak jen je to mo\u017en\u00e9, aby jste nebyli ohro\u017eeni....","protected":false},"author":2,"featured_media":0,"parent":0,"menu_order":0,"comment_status":"closed","ping_status":"closed","template":"","meta":{"footnotes":"","_links_to":"","_links_to_target":""},"class_list":["post-14095","page","type-page","status-publish","hentry"],"yoast_head":"<!-- This site is optimized with the Yoast SEO plugin v22.9 - https:\/\/yoast.com\/wordpress\/plugins\/seo\/ -->\n<title>Kvalita a bezpe\u010dnost - Seabridge Transport GmbH<\/title>\n<meta name=\"robots\" content=\"index, follow, max-snippet:-1, max-image-preview:large, max-video-preview:-1\" \/>\n<link rel=\"canonical\" href=\"https:\/\/www.seabridge.de\/cs\/kvalita-a-bezpecnost\/\" \/>\n<meta property=\"og:locale\" content=\"cs_CZ\" \/>\n<meta property=\"og:type\" content=\"article\" \/>\n<meta property=\"og:title\" content=\"Kvalita a bezpe\u010dnost - Seabridge Transport GmbH\" \/>\n<meta property=\"og:url\" content=\"https:\/\/www.seabridge.de\/cs\/kvalita-a-bezpecnost\/\" \/>\n<meta property=\"og:site_name\" content=\"Seabridge Transport GmbH\" \/>\n<meta property=\"article:modified_time\" content=\"2024-05-03T11:42:10+00:00\" \/>\n<meta property=\"og:image\" content=\"https:\/\/www.seabridge.de\/wp-content\/uploads\/2022\/11\/f_social-image.jpg\" \/>\n\t<meta property=\"og:image:width\" content=\"2500\" \/>\n\t<meta property=\"og:image:height\" content=\"1669\" \/>\n\t<meta property=\"og:image:type\" content=\"image\/jpeg\" \/>\n<meta name=\"twitter:card\" content=\"summary_large_image\" \/>\n<meta name=\"twitter:label1\" content=\"Odhadovan\u00e1 doba \u010dten\u00ed\" \/>\n\t<meta name=\"twitter:data1\" content=\"2 minuty\" \/>\n<script type=\"application\/ld+json\" class=\"yoast-schema-graph\">{\"@context\":\"https:\/\/schema.org\",\"@graph\":[{\"@type\":\"WebPage\",\"@id\":\"https:\/\/www.seabridge.de\/cs\/kvalita-a-bezpecnost\/\",\"url\":\"https:\/\/www.seabridge.de\/cs\/kvalita-a-bezpecnost\/\",\"name\":\"Kvalita a bezpe\u010dnost - Seabridge Transport GmbH\",\"isPartOf\":{\"@id\":\"https:\/\/www.seabridge.de\/#website\"},\"datePublished\":\"2022-06-10T10:17:24+00:00\",\"dateModified\":\"2024-05-03T11:42:10+00:00\",\"breadcrumb\":{\"@id\":\"https:\/\/www.seabridge.de\/cs\/kvalita-a-bezpecnost\/#breadcrumb\"},\"inLanguage\":\"cs\",\"potentialAction\":[{\"@type\":\"ReadAction\",\"target\":[\"https:\/\/www.seabridge.de\/cs\/kvalita-a-bezpecnost\/\"]}]},{\"@type\":\"BreadcrumbList\",\"@id\":\"https:\/\/www.seabridge.de\/cs\/kvalita-a-bezpecnost\/#breadcrumb\",\"itemListElement\":[{\"@type\":\"ListItem\",\"position\":1,\"name\":\"Startseite\",\"item\":\"https:\/\/www.seabridge.de\/cs\/\"},{\"@type\":\"ListItem\",\"position\":2,\"name\":\"Kvalita a bezpe\u010dnost\"}]},{\"@type\":\"WebSite\",\"@id\":\"https:\/\/www.seabridge.de\/#website\",\"url\":\"https:\/\/www.seabridge.de\/\",\"name\":\"Seabridge Transport GmbH\",\"description\":\"Weltweite Logistik\",\"potentialAction\":[{\"@type\":\"SearchAction\",\"target\":{\"@type\":\"EntryPoint\",\"urlTemplate\":\"https:\/\/www.seabridge.de\/?s={search_term_string}\"},\"query-input\":\"required name=search_term_string\"}],\"inLanguage\":\"cs\"}]}<\/script>\n<!-- \/ Yoast SEO plugin. -->","yoast_head_json":{"title":"Kvalita a bezpe\u010dnost - Seabridge Transport GmbH","robots":{"index":"index","follow":"follow","max-snippet":"max-snippet:-1","max-image-preview":"max-image-preview:large","max-video-preview":"max-video-preview:-1"},"canonical":"https:\/\/www.seabridge.de\/cs\/kvalita-a-bezpecnost\/","og_locale":"cs_CZ","og_type":"article","og_title":"Kvalita a bezpe\u010dnost - Seabridge Transport GmbH","og_url":"https:\/\/www.seabridge.de\/cs\/kvalita-a-bezpecnost\/","og_site_name":"Seabridge Transport GmbH","article_modified_time":"2024-05-03T11:42:10+00:00","og_image":[{"width":2500,"height":1669,"url":"https:\/\/www.seabridge.de\/wp-content\/uploads\/2022\/11\/f_social-image.jpg","type":"image\/jpeg"}],"twitter_card":"summary_large_image","twitter_misc":{"Odhadovan\u00e1 doba \u010dten\u00ed":"2 minuty"},"schema":{"@context":"https:\/\/schema.org","@graph":[{"@type":"WebPage","@id":"https:\/\/www.seabridge.de\/cs\/kvalita-a-bezpecnost\/","url":"https:\/\/www.seabridge.de\/cs\/kvalita-a-bezpecnost\/","name":"Kvalita a bezpe\u010dnost - Seabridge Transport GmbH","isPartOf":{"@id":"https:\/\/www.seabridge.de\/#website"},"datePublished":"2022-06-10T10:17:24+00:00","dateModified":"2024-05-03T11:42:10+00:00","breadcrumb":{"@id":"https:\/\/www.seabridge.de\/cs\/kvalita-a-bezpecnost\/#breadcrumb"},"inLanguage":"cs","potentialAction":[{"@type":"ReadAction","target":["https:\/\/www.seabridge.de\/cs\/kvalita-a-bezpecnost\/"]}]},{"@type":"BreadcrumbList","@id":"https:\/\/www.seabridge.de\/cs\/kvalita-a-bezpecnost\/#breadcrumb","itemListElement":[{"@type":"ListItem","position":1,"name":"Startseite","item":"https:\/\/www.seabridge.de\/cs\/"},{"@type":"ListItem","position":2,"name":"Kvalita a bezpe\u010dnost"}]},{"@type":"WebSite","@id":"https:\/\/www.seabridge.de\/#website","url":"https:\/\/www.seabridge.de\/","name":"Seabridge Transport GmbH","description":"Weltweite Logistik","potentialAction":[{"@type":"SearchAction","target":{"@type":"EntryPoint","urlTemplate":"https:\/\/www.seabridge.de\/?s={search_term_string}"},"query-input":"required name=search_term_string"}],"inLanguage":"cs"}]}},"_links":{"self":[{"href":"https:\/\/www.seabridge.de\/cs\/wp-json\/wp\/v2\/pages\/14095","targetHints":{"allow":["GET"]}}],"collection":[{"href":"https:\/\/www.seabridge.de\/cs\/wp-json\/wp\/v2\/pages"}],"about":[{"href":"https:\/\/www.seabridge.de\/cs\/wp-json\/wp\/v2\/types\/page"}],"author":[{"embeddable":true,"href":"https:\/\/www.seabridge.de\/cs\/wp-json\/wp\/v2\/users\/2"}],"replies":[{"embeddable":true,"href":"https:\/\/www.seabridge.de\/cs\/wp-json\/wp\/v2\/comments?post=14095"}],"version-history":[{"count":10,"href":"https:\/\/www.seabridge.de\/cs\/wp-json\/wp\/v2\/pages\/14095\/revisions"}],"predecessor-version":[{"id":14282,"href":"https:\/\/www.seabridge.de\/cs\/wp-json\/wp\/v2\/pages\/14095\/revisions\/14282"}],"wp:attachment":[{"href":"https:\/\/www.seabridge.de\/cs\/wp-json\/wp\/v2\/media?parent=14095"}],"curies":[{"name":"wp","href":"https:\/\/api.w.org\/{rel}","templated":true}]}}