{"id":14073,"date":"2022-06-10T12:17:04","date_gmt":"2022-06-10T10:17:04","guid":{"rendered":"https:\/\/www.seabridge.de\/logistika-potravin\/"},"modified":"2023-11-01T08:41:13","modified_gmt":"2023-11-01T07:41:13","slug":"logistika-potravin","status":"publish","type":"page","link":"https:\/\/www.seabridge.de\/cs\/logistika-potravin\/","title":{"rendered":"Logistika potravin"},"content":{"rendered":"<section class=\"l-section wpb_row us_custom_c70c97eb height_auto width_full\"><div class=\"l-section-h i-cf\"><div class=\"g-cols vc_row via_flex valign_middle type_default stacking_default\"><div class=\"vc_col-sm-12 vc_hidden-lg wpb_column vc_column_container \"><div class=\"vc_column-inner us_custom_177b8b17 us_animate_this\"><div class=\"wpb_wrapper\"><div class=\"w-separator size_custom\" style=\"height:1.5rem\"><\/div><div class=\"g-cols wpb_row via_flex valign_top type_default stacking_default\"><div class=\"vc_col-sm-12 vc_hidden-xs wpb_column vc_column_container\"><div class=\"vc_column-inner\"><div class=\"wpb_wrapper\"><div class=\"w-image rundkomplett has_ratio align_none\"><div class=\"w-image-h\"><div style=\"padding-bottom:66.6667%\"><\/div><img loading=\"lazy\" decoding=\"async\" width=\"2121\" height=\"1414\" src=\"https:\/\/www.seabridge.de\/wp-content\/uploads\/2022\/06\/iStock-1317777715.jpg\" class=\"attachment-full size-full\" alt=\"\" srcset=\"https:\/\/www.seabridge.de\/wp-content\/uploads\/2022\/06\/iStock-1317777715.jpg 2121w, https:\/\/www.seabridge.de\/wp-content\/uploads\/2022\/06\/iStock-1317777715-300x200.jpg 300w, https:\/\/www.seabridge.de\/wp-content\/uploads\/2022\/06\/iStock-1317777715-1024x683.jpg 1024w, https:\/\/www.seabridge.de\/wp-content\/uploads\/2022\/06\/iStock-1317777715-1320x880.jpg 1320w\" sizes=\"auto, (max-width: 2121px) 100vw, 2121px\" \/><\/div><\/div><\/div><\/div><\/div><\/div><div class=\"g-cols wpb_row via_flex valign_top type_default stacking_default\"><div class=\"vc_col-sm-12 vc_hidden-lg vc_hidden-md vc_hidden-sm wpb_column vc_column_container\"><div class=\"vc_column-inner\"><div class=\"wpb_wrapper\"><div class=\"w-image rundkomplett has_ratio align_none\"><div class=\"w-image-h\"><div style=\"padding-bottom:100%\"><\/div><img loading=\"lazy\" decoding=\"async\" width=\"2121\" height=\"1414\" src=\"https:\/\/www.seabridge.de\/wp-content\/uploads\/2022\/06\/iStock-1317777715.jpg\" class=\"attachment-full size-full\" alt=\"\" srcset=\"https:\/\/www.seabridge.de\/wp-content\/uploads\/2022\/06\/iStock-1317777715.jpg 2121w, https:\/\/www.seabridge.de\/wp-content\/uploads\/2022\/06\/iStock-1317777715-300x200.jpg 300w, https:\/\/www.seabridge.de\/wp-content\/uploads\/2022\/06\/iStock-1317777715-1024x683.jpg 1024w, https:\/\/www.seabridge.de\/wp-content\/uploads\/2022\/06\/iStock-1317777715-1320x880.jpg 1320w\" sizes=\"auto, (max-width: 2121px) 100vw, 2121px\" \/><\/div><\/div><\/div><\/div><\/div><\/div><\/div><\/div><\/div><div class=\"vc_col-sm-12 vc_col-lg-6 wpb_column vc_column_container  has_bg_color\"><div class=\"vc_column-inner us_custom_07ed09e6 us_animate_this\"><div class=\"wpb_wrapper\"><div class=\"g-cols wpb_row us_custom_de17b62c via_flex valign_top type_default stacking_default\"><div class=\"vc_col-sm-12 wpb_column vc_column_container\"><div class=\"vc_column-inner\"><div class=\"wpb_wrapper\"><div class=\"wpb_text_column us_custom_8889e6af has_text_color\"><div class=\"wpb_wrapper\"><p style=\"text-align: left;\">Rozsah v\u00fdkonu<\/p>\n<\/div><\/div><div class=\"w-separator size_small\"><\/div><div class=\"wpb_text_column us_custom_fa66e1e0 has_text_color\"><div class=\"wpb_wrapper\"><p style=\"text-align: left;\">Logistika potravin<\/p>\n<\/div><\/div><div class=\"wpb_text_column\"><div class=\"wpb_wrapper\"><p>P\u0159emis\u0165ov\u00e1n\u00ed potravin a n\u00e1poj\u016f na v\u0161ech p\u0159epravn\u00edch tras\u00e1ch, v jak\u00e9mkoli mno\u017estv\u00ed a po cel\u00e9m sv\u011bt\u011b je jednou z kl\u00ed\u010dov\u00fdch kompetenc\u00ed Seabridge: konzervovan\u00e9 a \u010derstv\u00e9 potraviny, p\u0159\u00edsady, krmivo pro zv\u00ed\u0159ata, v\u00edno a pivo, vysoce citliv\u00e1 chlazen\u00e1 doprava a dal\u0161\u00ed.<\/p>\n<p>Dodr\u017eov\u00e1n\u00ed v\u0161ech pravidel a p\u0159edpis\u016f, veterin\u00e1rn\u00ed prov\u011brka, dodr\u017eov\u00e1n\u00ed \u010dasov\u00fdch omezen\u00ed, smyslupln\u00e1 dokumentace a odborn\u00e9 poradenstv\u00ed v kter\u00e9mkoli bod\u011b, smlouvy doprov\u00e1zej\u00ed n\u00e1klad do m\u00edsta ur\u010den\u00ed. To V\u00e1m v\u0161e usnadn\u00ed.<\/p>\n<\/div><\/div><div class=\"w-separator size_small\"><\/div><div class=\"w-btn-wrapper align_none\"><a class=\"w-btn us-btn-style_1 icon_atright\" href=\"#mehr-erfahren\"><span class=\"w-btn-label\">dozv\u011bd\u011bt se v\u00edce<\/span><i class=\"fad fa-long-arrow-down\"><\/i><\/a><\/div><div class=\"w-btn-wrapper align_none\"><a class=\"w-btn us-btn-style_22 icon_atright\" title=\"Kontakt\" href=\"https:\/\/seabridge.de\/kontakt\/\"><span class=\"w-btn-label\">Kontakt<\/span><i class=\"fad fa-long-arrow-right\"><\/i><\/a><\/div><\/div><\/div><\/div><\/div><\/div><\/div><\/div><div class=\"vc_col-sm-12 vc_col-lg-6 vc_hidden-md vc_hidden-sm vc_hidden-xs wpb_column vc_column_container  has_bg_color\"><div class=\"vc_column-inner us_custom_de2d0777 us_animate_this\"><div class=\"wpb_wrapper\"><\/div><\/div><\/div><\/div><\/div><\/section><section class=\"l-section wpb_row us_custom_f1dc88ad height_auto\"><div class=\"l-section-h i-cf\"><div class=\"g-cols vc_row via_flex valign_top type_default stacking_default\"><div class=\"vc_col-sm-12 wpb_column vc_column_container\"><div class=\"vc_column-inner\"><div class=\"wpb_wrapper\"><div class=\"w-separator size_huge\"><\/div><\/div><\/div><\/div><\/div><\/div><\/section><section class=\"l-section wpb_row height_auto\" id=\"mehr-erfahren\"><div class=\"l-section-h i-cf\"><div class=\"g-cols vc_row via_flex valign_top type_default stacking_default\"><div class=\"vc_col-sm-2 wpb_column vc_column_container\"><div class=\"vc_column-inner\"><div class=\"wpb_wrapper\"><\/div><\/div><\/div><div class=\"vc_col-sm-8 wpb_column vc_column_container \"><div class=\"vc_column-inner us_custom_b4851f87 us_animate_this\"><div class=\"wpb_wrapper\"><div class=\"g-cols wpb_row via_flex valign_top type_default stacking_default\"><div class=\"vc_col-sm-12 wpb_column vc_column_container\"><div class=\"vc_column-inner\"><div class=\"wpb_wrapper\"><div class=\"wpb_text_column\"><div class=\"wpb_wrapper\"><h2>P\u0159emost\u011bn\u00ed Va\u0161eho odv\u011btv\u00ed<\/h2>\n<\/div><\/div><div class=\"wpb_text_column\"><div class=\"wpb_wrapper\"><p>\u201eP\u0159eprava potravin a manipulace se v\u0161emi souvisej\u00edc\u00edmi slu\u017ebami se scvrk\u00e1v\u00e1 p\u0159edev\u0161\u00edm na jednu v\u011bc: spolehlivost.<br \/>\nTo zahrnuje pap\u00edrov\u00e1n\u00ed, hygienu a po\u017eadavky chladic\u00edho \u0159et\u011bzce, stejn\u011b jako balen\u00ed a samotnou p\u0159epravu.<\/p>\n<p>Nejd\u016fle\u017eit\u011bj\u0161\u00ed aktivum na sv\u011bt\u011b je u n\u00e1s v dobr\u00fdch rukou.\u201c<\/p>\n<\/div><\/div><\/div><\/div><\/div><\/div><div class=\"w-separator size_huge\"><\/div><\/div><\/div><\/div><div class=\"vc_col-sm-2 wpb_column vc_column_container\"><div class=\"vc_column-inner\"><div class=\"wpb_wrapper\"><\/div><\/div><\/div><\/div><\/div><\/section><section class=\"l-section wpb_row height_auto\"><div class=\"l-section-h i-cf\"><div class=\"g-cols vc_row via_flex valign_top type_default stacking_default\"><div class=\"vc_col-sm-12 wpb_column vc_column_container \"><div class=\"vc_column-inner us_custom_6c0ee9e8 us_animate_this\"><div class=\"wpb_wrapper\"><div class=\"w-separator size_custom with_line width_default thick_1 style_solid color_border align_center\" style=\"height:2px\"><div class=\"w-separator-h\"><\/div><\/div><\/div><\/div><\/div><\/div><\/div><\/section><section class=\"l-section wpb_row height_huge\"><div class=\"l-section-h i-cf\"><div class=\"g-cols vc_row via_flex valign_top type_default stacking_default\"><div class=\"vc_col-sm-12 vc_col-lg-6 vc_col-md-6 wpb_column vc_column_container \"><div class=\"vc_column-inner us_custom_c6ca2907 us_animate_this\"><div class=\"wpb_wrapper\"><div class=\"w-separator  hide_on_tablets hide_on_mobiles size_small\"><\/div><div class=\"w-separator  hide_on_tablets hide_on_mobiles size_small\"><\/div><div class=\"g-cols wpb_row via_flex valign_top type_default stacking_default\"><div class=\"vc_col-sm-12 vc_col-lg-10 wpb_column vc_column_container\"><div class=\"vc_column-inner\"><div class=\"wpb_wrapper\"><div class=\"wpb_text_column us_custom_33e62e98\"><div class=\"wpb_wrapper\"><h3>V p\u0159\u00edpad\u011b dotaz\u016f a konkr\u00e9tn\u00edch nab\u00eddek se obra\u0165te p\u0159\u00edmo na:<\/h3>\n<\/div><\/div><div class=\"w-separator size_custom\" style=\"height:1px\"><\/div><\/div><\/div><\/div><div class=\"vc_col-sm-2 wpb_column vc_column_container\"><div class=\"vc_column-inner\"><div class=\"wpb_wrapper\"><\/div><\/div><\/div><\/div><\/div><\/div><\/div><div class=\"vc_col-sm-12 vc_col-lg-6 vc_col-md-6 wpb_column vc_column_container \"><div class=\"vc_column-inner us_custom_58cf3eb3 us_animate_this\"><div class=\"wpb_wrapper\"><div class=\"w-separator  hide_on_default hide_on_tablets hide_on_mobiles size_custom\" style=\"height:10px\"><\/div><div class=\"g-cols wpb_row via_flex valign_middle type_default stacking_default\"><div class=\"vc_col-sm-8 wpb_column vc_column_container\"><div class=\"vc_column-inner\"><div class=\"wpb_wrapper\"><div class=\"w-separator  hide_on_default hide_on_laptops hide_on_tablets size_small\"><\/div><div class=\"wpb_text_column us_custom_3090c82c\"><div class=\"wpb_wrapper\"><h4>Dennis Beneke<\/h4>\n<\/div><\/div><div class=\"wpb_text_column us_custom_e53deb9b\"><div class=\"wpb_wrapper\"><p>Vedouc\u00ed prodeje a marketingu<\/p>\n<\/div><\/div><\/div><\/div><\/div><div class=\"vc_col-sm-4 wpb_column vc_column_container\"><div class=\"vc_column-inner us_custom_ad70f7de\"><div class=\"wpb_wrapper\"><div class=\"w-separator  hide_on_default hide_on_laptops hide_on_tablets size_small\"><\/div><div class=\"w-separator  hide_on_default hide_on_laptops hide_on_tablets size_small\"><\/div><div class=\"w-image align_none\"><div class=\"w-image-h\"><img loading=\"lazy\" decoding=\"async\" width=\"1932\" height=\"1932\" src=\"https:\/\/www.seabridge.de\/wp-content\/uploads\/2022\/09\/team-beneke.png\" class=\"attachment-full size-full\" alt=\"\" srcset=\"https:\/\/www.seabridge.de\/wp-content\/uploads\/2022\/09\/team-beneke.png 1932w, https:\/\/www.seabridge.de\/wp-content\/uploads\/2022\/09\/team-beneke-300x300.png 300w, https:\/\/www.seabridge.de\/wp-content\/uploads\/2022\/09\/team-beneke-1024x1024.png 1024w, https:\/\/www.seabridge.de\/wp-content\/uploads\/2022\/09\/team-beneke-150x150.png 150w, https:\/\/www.seabridge.de\/wp-content\/uploads\/2022\/09\/team-beneke-1320x1320.png 1320w\" sizes=\"auto, (max-width: 1932px) 100vw, 1932px\" \/><\/div><\/div><\/div><\/div><\/div><\/div><div class=\"w-separator size_small\"><\/div><div class=\"w-separator size_small\"><\/div><div class=\"w-btn-wrapper width_full\"><a class=\"w-btn us-btn-style_1 icon_atleft\" href=\"tel:+494037493334\"><i class=\"fad fa-phone-alt\"><\/i><span class=\"w-btn-label\">+49 40 374933-34<\/span><\/a><\/div><div class=\"w-separator size_small\"><\/div><div class=\"w-btn-wrapper width_full\"><a class=\"w-btn us-btn-style_22 icon_atleft\" href=\"mailto:beneke@seabridge.de\"><i class=\"fad fa-envelope\"><\/i><span class=\"w-btn-label\">beneke(at)seabridge.de<\/span><\/a><\/div><div class=\"w-separator size_small\"><\/div><div class=\"wpb_text_column\"><div class=\"wpb_wrapper\"><p><em>Nebo vyberte p\u0159\u00edmou kontaktn\u00ed osobu z p\u0159ehledu v polo\u017ece nab\u00eddky \u201eKontakt\u201c.<\/em><\/p>\n<\/div><\/div><\/div><\/div><\/div><\/div><\/div><\/section>\n","protected":false},"excerpt":{"rendered":"Rozsah v\u00fdkonu Logistika potravin P\u0159emis\u0165ov\u00e1n\u00ed potravin a n\u00e1poj\u016f na v\u0161ech p\u0159epravn\u00edch tras\u00e1ch, v jak\u00e9mkoli mno\u017estv\u00ed a po cel\u00e9m sv\u011bt\u011b je jednou z kl\u00ed\u010dov\u00fdch kompetenc\u00ed Seabridge: konzervovan\u00e9 a \u010derstv\u00e9 potraviny, p\u0159\u00edsady, krmivo pro zv\u00ed\u0159ata, v\u00edno a pivo, vysoce citliv\u00e1 chlazen\u00e1 doprava a dal\u0161\u00ed. Dodr\u017eov\u00e1n\u00ed v\u0161ech pravidel a p\u0159edpis\u016f, veterin\u00e1rn\u00ed prov\u011brka, dodr\u017eov\u00e1n\u00ed \u010dasov\u00fdch omezen\u00ed, smyslupln\u00e1 dokumentace a...","protected":false},"author":2,"featured_media":0,"parent":0,"menu_order":0,"comment_status":"closed","ping_status":"closed","template":"","meta":{"footnotes":"","_links_to":"","_links_to_target":""},"class_list":["post-14073","page","type-page","status-publish","hentry"],"yoast_head":"<!-- This site is optimized with the Yoast SEO plugin v22.9 - https:\/\/yoast.com\/wordpress\/plugins\/seo\/ -->\n<title>Logistika potravin - Seabridge Transport GmbH<\/title>\n<meta name=\"robots\" content=\"index, follow, max-snippet:-1, max-image-preview:large, max-video-preview:-1\" \/>\n<link rel=\"canonical\" href=\"https:\/\/www.seabridge.de\/cs\/logistika-potravin\/\" \/>\n<meta property=\"og:locale\" content=\"cs_CZ\" \/>\n<meta property=\"og:type\" content=\"article\" \/>\n<meta property=\"og:title\" content=\"Logistika potravin - Seabridge Transport GmbH\" \/>\n<meta property=\"og:url\" content=\"https:\/\/www.seabridge.de\/cs\/logistika-potravin\/\" \/>\n<meta property=\"og:site_name\" content=\"Seabridge Transport GmbH\" \/>\n<meta property=\"article:modified_time\" content=\"2023-11-01T07:41:13+00:00\" \/>\n<meta property=\"og:image\" content=\"https:\/\/www.seabridge.de\/wp-content\/uploads\/2022\/11\/f_social-image.jpg\" \/>\n\t<meta property=\"og:image:width\" content=\"2500\" \/>\n\t<meta property=\"og:image:height\" content=\"1669\" \/>\n\t<meta property=\"og:image:type\" content=\"image\/jpeg\" \/>\n<meta name=\"twitter:card\" content=\"summary_large_image\" \/>\n<meta name=\"twitter:label1\" content=\"Odhadovan\u00e1 doba \u010dten\u00ed\" \/>\n\t<meta name=\"twitter:data1\" content=\"2 minuty\" \/>\n<script type=\"application\/ld+json\" class=\"yoast-schema-graph\">{\"@context\":\"https:\/\/schema.org\",\"@graph\":[{\"@type\":\"WebPage\",\"@id\":\"https:\/\/www.seabridge.de\/cs\/logistika-potravin\/\",\"url\":\"https:\/\/www.seabridge.de\/cs\/logistika-potravin\/\",\"name\":\"Logistika potravin - Seabridge Transport GmbH\",\"isPartOf\":{\"@id\":\"https:\/\/www.seabridge.de\/#website\"},\"datePublished\":\"2022-06-10T10:17:04+00:00\",\"dateModified\":\"2023-11-01T07:41:13+00:00\",\"breadcrumb\":{\"@id\":\"https:\/\/www.seabridge.de\/cs\/logistika-potravin\/#breadcrumb\"},\"inLanguage\":\"cs\",\"potentialAction\":[{\"@type\":\"ReadAction\",\"target\":[\"https:\/\/www.seabridge.de\/cs\/logistika-potravin\/\"]}]},{\"@type\":\"BreadcrumbList\",\"@id\":\"https:\/\/www.seabridge.de\/cs\/logistika-potravin\/#breadcrumb\",\"itemListElement\":[{\"@type\":\"ListItem\",\"position\":1,\"name\":\"Startseite\",\"item\":\"https:\/\/www.seabridge.de\/cs\/\"},{\"@type\":\"ListItem\",\"position\":2,\"name\":\"Logistika potravin\"}]},{\"@type\":\"WebSite\",\"@id\":\"https:\/\/www.seabridge.de\/#website\",\"url\":\"https:\/\/www.seabridge.de\/\",\"name\":\"Seabridge Transport GmbH\",\"description\":\"Weltweite Logistik\",\"potentialAction\":[{\"@type\":\"SearchAction\",\"target\":{\"@type\":\"EntryPoint\",\"urlTemplate\":\"https:\/\/www.seabridge.de\/?s={search_term_string}\"},\"query-input\":\"required name=search_term_string\"}],\"inLanguage\":\"cs\"}]}<\/script>\n<!-- \/ Yoast SEO plugin. -->","yoast_head_json":{"title":"Logistika potravin - Seabridge Transport GmbH","robots":{"index":"index","follow":"follow","max-snippet":"max-snippet:-1","max-image-preview":"max-image-preview:large","max-video-preview":"max-video-preview:-1"},"canonical":"https:\/\/www.seabridge.de\/cs\/logistika-potravin\/","og_locale":"cs_CZ","og_type":"article","og_title":"Logistika potravin - Seabridge Transport GmbH","og_url":"https:\/\/www.seabridge.de\/cs\/logistika-potravin\/","og_site_name":"Seabridge Transport GmbH","article_modified_time":"2023-11-01T07:41:13+00:00","og_image":[{"width":2500,"height":1669,"url":"https:\/\/www.seabridge.de\/wp-content\/uploads\/2022\/11\/f_social-image.jpg","type":"image\/jpeg"}],"twitter_card":"summary_large_image","twitter_misc":{"Odhadovan\u00e1 doba \u010dten\u00ed":"2 minuty"},"schema":{"@context":"https:\/\/schema.org","@graph":[{"@type":"WebPage","@id":"https:\/\/www.seabridge.de\/cs\/logistika-potravin\/","url":"https:\/\/www.seabridge.de\/cs\/logistika-potravin\/","name":"Logistika potravin - Seabridge Transport GmbH","isPartOf":{"@id":"https:\/\/www.seabridge.de\/#website"},"datePublished":"2022-06-10T10:17:04+00:00","dateModified":"2023-11-01T07:41:13+00:00","breadcrumb":{"@id":"https:\/\/www.seabridge.de\/cs\/logistika-potravin\/#breadcrumb"},"inLanguage":"cs","potentialAction":[{"@type":"ReadAction","target":["https:\/\/www.seabridge.de\/cs\/logistika-potravin\/"]}]},{"@type":"BreadcrumbList","@id":"https:\/\/www.seabridge.de\/cs\/logistika-potravin\/#breadcrumb","itemListElement":[{"@type":"ListItem","position":1,"name":"Startseite","item":"https:\/\/www.seabridge.de\/cs\/"},{"@type":"ListItem","position":2,"name":"Logistika potravin"}]},{"@type":"WebSite","@id":"https:\/\/www.seabridge.de\/#website","url":"https:\/\/www.seabridge.de\/","name":"Seabridge Transport GmbH","description":"Weltweite Logistik","potentialAction":[{"@type":"SearchAction","target":{"@type":"EntryPoint","urlTemplate":"https:\/\/www.seabridge.de\/?s={search_term_string}"},"query-input":"required name=search_term_string"}],"inLanguage":"cs"}]}},"_links":{"self":[{"href":"https:\/\/www.seabridge.de\/cs\/wp-json\/wp\/v2\/pages\/14073","targetHints":{"allow":["GET"]}}],"collection":[{"href":"https:\/\/www.seabridge.de\/cs\/wp-json\/wp\/v2\/pages"}],"about":[{"href":"https:\/\/www.seabridge.de\/cs\/wp-json\/wp\/v2\/types\/page"}],"author":[{"embeddable":true,"href":"https:\/\/www.seabridge.de\/cs\/wp-json\/wp\/v2\/users\/2"}],"replies":[{"embeddable":true,"href":"https:\/\/www.seabridge.de\/cs\/wp-json\/wp\/v2\/comments?post=14073"}],"version-history":[{"count":8,"href":"https:\/\/www.seabridge.de\/cs\/wp-json\/wp\/v2\/pages\/14073\/revisions"}],"predecessor-version":[{"id":14208,"href":"https:\/\/www.seabridge.de\/cs\/wp-json\/wp\/v2\/pages\/14073\/revisions\/14208"}],"wp:attachment":[{"href":"https:\/\/www.seabridge.de\/cs\/wp-json\/wp\/v2\/media?parent=14073"}],"curies":[{"name":"wp","href":"https:\/\/api.w.org\/{rel}","templated":true}]}}