{"id":14055,"date":"2022-06-10T12:17:09","date_gmt":"2022-06-10T10:17:09","guid":{"rendered":"https:\/\/www.seabridge.de\/ekomerce\/"},"modified":"2023-08-10T12:33:35","modified_gmt":"2023-08-10T10:33:35","slug":"ekomerce","status":"publish","type":"page","link":"https:\/\/www.seabridge.de\/cs\/ekomerce\/","title":{"rendered":"eKomerce"},"content":{"rendered":"<section class=\"l-section wpb_row us_custom_c70c97eb height_auto width_full\"><div class=\"l-section-h i-cf\"><div class=\"g-cols vc_row via_flex valign_middle type_default stacking_default\"><div class=\"vc_col-sm-12 vc_hidden-lg wpb_column vc_column_container \"><div class=\"vc_column-inner us_custom_177b8b17 us_animate_this\"><div class=\"wpb_wrapper\"><div class=\"w-separator size_custom\" style=\"height:1.5rem\"><\/div><div class=\"g-cols wpb_row via_flex valign_top type_default stacking_default\"><div class=\"vc_col-sm-12 vc_hidden-xs wpb_column vc_column_container\"><div class=\"vc_column-inner\"><div class=\"wpb_wrapper\"><div class=\"w-image rundkomplett has_ratio align_none\"><div class=\"w-image-h\"><div style=\"padding-bottom:66.6667%\"><\/div><img loading=\"lazy\" decoding=\"async\" width=\"2309\" height=\"1299\" src=\"https:\/\/www.seabridge.de\/wp-content\/uploads\/2022\/06\/iStock-1311600080.jpg\" class=\"attachment-full size-full\" alt=\"\" srcset=\"https:\/\/www.seabridge.de\/wp-content\/uploads\/2022\/06\/iStock-1311600080.jpg 2309w, https:\/\/www.seabridge.de\/wp-content\/uploads\/2022\/06\/iStock-1311600080-300x169.jpg 300w, https:\/\/www.seabridge.de\/wp-content\/uploads\/2022\/06\/iStock-1311600080-1024x576.jpg 1024w, https:\/\/www.seabridge.de\/wp-content\/uploads\/2022\/06\/iStock-1311600080-1320x743.jpg 1320w\" sizes=\"auto, (max-width: 2309px) 100vw, 2309px\" \/><\/div><\/div><\/div><\/div><\/div><\/div><div class=\"g-cols wpb_row via_flex valign_top type_default stacking_default\"><div class=\"vc_col-sm-12 vc_hidden-lg vc_hidden-md vc_hidden-sm wpb_column vc_column_container\"><div class=\"vc_column-inner\"><div class=\"wpb_wrapper\"><div class=\"w-image rundkomplett has_ratio align_none\"><div class=\"w-image-h\"><div style=\"padding-bottom:100%\"><\/div><img loading=\"lazy\" decoding=\"async\" width=\"2309\" height=\"1299\" src=\"https:\/\/www.seabridge.de\/wp-content\/uploads\/2022\/06\/iStock-1311600080.jpg\" class=\"attachment-full size-full\" alt=\"\" srcset=\"https:\/\/www.seabridge.de\/wp-content\/uploads\/2022\/06\/iStock-1311600080.jpg 2309w, https:\/\/www.seabridge.de\/wp-content\/uploads\/2022\/06\/iStock-1311600080-300x169.jpg 300w, https:\/\/www.seabridge.de\/wp-content\/uploads\/2022\/06\/iStock-1311600080-1024x576.jpg 1024w, https:\/\/www.seabridge.de\/wp-content\/uploads\/2022\/06\/iStock-1311600080-1320x743.jpg 1320w\" sizes=\"auto, (max-width: 2309px) 100vw, 2309px\" \/><\/div><\/div><\/div><\/div><\/div><\/div><\/div><\/div><\/div><div class=\"vc_col-sm-12 vc_col-lg-6 wpb_column vc_column_container  has_bg_color\"><div class=\"vc_column-inner us_custom_07ed09e6 us_animate_this\"><div class=\"wpb_wrapper\"><div class=\"g-cols wpb_row us_custom_de17b62c via_flex valign_top type_default stacking_default\"><div class=\"vc_col-sm-12 wpb_column vc_column_container\"><div class=\"vc_column-inner\"><div class=\"wpb_wrapper\"><div class=\"wpb_text_column us_custom_8889e6af has_text_color\"><div class=\"wpb_wrapper\"><p style=\"text-align: left;\">v\u00fdkonov\u00fd rozsah<\/p>\n<\/div><\/div><div class=\"w-separator size_small\"><\/div><div class=\"wpb_text_column us_custom_fa66e1e0 has_text_color\"><div class=\"wpb_wrapper\"><p style=\"text-align: left;\">Elektronick\u00fd obchod<\/p>\n<\/div><\/div><div class=\"wpb_text_column\"><div class=\"wpb_wrapper\"><p>eCommerce a Online Shopping trend. Elektronick\u00fd obchod a online nakupov\u00e1n\u00ed za\u017e\u00edvaj\u00ed boom. V\u00fdrobci a obchodn\u00ed spole\u010dnosti ze z\u00e1mo\u0159\u00ed jsou ochotni prod\u00e1vat sv\u00e9 produkty na evropsk\u00fd trh prost\u0159ednictv\u00edm online platforem, jako je Amazon nebo Ebay.<\/p>\n<p>Pro zaji\u0161t\u011bn\u00ed pln\u011b vyhovuj\u00edc\u00ed obchodn\u00ed operace z dlouhodob\u00e9ho hlediska je nesm\u00edrn\u011b d\u016fle\u017eit\u00e9 m\u00edt spolehliv\u00e9ho m\u00edstn\u00edho partnera v EU s hlubok\u00fdmi znalostmi m\u00edstn\u00edch administrativn\u00edch po\u017eadavk\u016f.<\/p>\n<\/div><\/div><div class=\"w-separator size_small\"><\/div><div class=\"w-btn-wrapper align_none\"><a class=\"w-btn us-btn-style_1 icon_atright\" href=\"#mehr-erfahren\"><span class=\"w-btn-label\">Dozv\u011bd\u011bt se v\u00edce<\/span><i class=\"fad fa-long-arrow-down\"><\/i><\/a><\/div><div class=\"w-btn-wrapper align_none\"><a class=\"w-btn us-btn-style_22 icon_atright\" href=\"#\"><span class=\"w-btn-label\">Kontakty<\/span><i class=\"fad fa-long-arrow-right\"><\/i><\/a><\/div><\/div><\/div><\/div><\/div><\/div><\/div><\/div><div class=\"vc_col-sm-12 vc_col-lg-6 vc_hidden-md vc_hidden-sm vc_hidden-xs wpb_column vc_column_container  has_bg_color\"><div class=\"vc_column-inner us_custom_b2eef5b7 us_animate_this\"><div class=\"wpb_wrapper\"><\/div><\/div><\/div><\/div><\/div><\/section><section class=\"l-section wpb_row us_custom_f1dc88ad height_auto\"><div class=\"l-section-h i-cf\"><div class=\"g-cols vc_row via_flex valign_top type_default stacking_default\"><div class=\"vc_col-sm-12 wpb_column vc_column_container\"><div class=\"vc_column-inner\"><div class=\"wpb_wrapper\"><div class=\"w-separator size_huge\"><\/div><\/div><\/div><\/div><\/div><\/div><\/section><section class=\"l-section wpb_row height_auto\" id=\"dozv\u011bd\u011bt se v\u00edce\"><div class=\"l-section-h i-cf\"><div class=\"g-cols vc_row via_flex valign_top type_default stacking_default\"><div class=\"vc_col-sm-12 wpb_column vc_column_container \"><div class=\"vc_column-inner us_custom_60e9caca us_animate_this\"><div class=\"wpb_wrapper\"><div class=\"wpb_text_column\"><div class=\"wpb_wrapper\"><h1>P\u0159emos\u0165ov\u00e1n\u00ed obchodu<\/h1>\n<\/div><\/div><div class=\"wpb_text_column us_custom_0f088a09 has_text_color\"><div class=\"wpb_wrapper\"><h4>Chcete-li vytvo\u0159it takov\u00fd stabiln\u00ed a vyhovuj\u00edc\u00ed obchodn\u00ed syst\u00e9m pro trh,<br \/>\nvyvinuli jsme pro V\u00e1s \u0159e\u0161en\u00ed!<\/h4>\n<\/div><\/div><div class=\"w-separator size_medium\"><\/div><\/div><\/div><\/div><\/div><\/div><\/section><section class=\"l-section wpb_row height_auto\"><div class=\"l-section-h i-cf\"><div class=\"g-cols vc_row via_flex valign_middle type_default stacking_default\"><div class=\"vc_col-sm-12 vc_col-lg-6 vc_col-md-6 wpb_column vc_column_container \"><div class=\"vc_column-inner us_custom_60e9caca us_animate_this\"><div class=\"wpb_wrapper\"><div class=\"g-cols wpb_row via_flex valign_top type_default stacking_default\"><div class=\"vc_col-sm-12 vc_col-lg-10 wpb_column vc_column_container\"><div class=\"vc_column-inner\"><div class=\"wpb_wrapper\"><div class=\"w-image rundkomplett  hide_on_tablets hide_on_mobiles has_ratio align_none\"><div class=\"w-image-h\"><div style=\"padding-bottom:150%\"><\/div><img loading=\"lazy\" decoding=\"async\" width=\"2121\" height=\"1414\" src=\"https:\/\/www.seabridge.de\/wp-content\/uploads\/2022\/06\/iStock-923079848.jpg\" class=\"attachment-full size-full\" alt=\"\" srcset=\"https:\/\/www.seabridge.de\/wp-content\/uploads\/2022\/06\/iStock-923079848.jpg 2121w, https:\/\/www.seabridge.de\/wp-content\/uploads\/2022\/06\/iStock-923079848-300x200.jpg 300w, https:\/\/www.seabridge.de\/wp-content\/uploads\/2022\/06\/iStock-923079848-1024x683.jpg 1024w, https:\/\/www.seabridge.de\/wp-content\/uploads\/2022\/06\/iStock-923079848-1320x880.jpg 1320w\" sizes=\"auto, (max-width: 2121px) 100vw, 2121px\" \/><\/div><\/div><div class=\"w-image rundkomplett  hide_on_default hide_on_laptops has_ratio align_none\"><div class=\"w-image-h\"><div style=\"padding-bottom:100%\"><\/div><img loading=\"lazy\" decoding=\"async\" width=\"2121\" height=\"1414\" src=\"https:\/\/www.seabridge.de\/wp-content\/uploads\/2022\/06\/iStock-923079848.jpg\" class=\"attachment-full size-full\" alt=\"\" srcset=\"https:\/\/www.seabridge.de\/wp-content\/uploads\/2022\/06\/iStock-923079848.jpg 2121w, https:\/\/www.seabridge.de\/wp-content\/uploads\/2022\/06\/iStock-923079848-300x200.jpg 300w, https:\/\/www.seabridge.de\/wp-content\/uploads\/2022\/06\/iStock-923079848-1024x683.jpg 1024w, https:\/\/www.seabridge.de\/wp-content\/uploads\/2022\/06\/iStock-923079848-1320x880.jpg 1320w\" sizes=\"auto, (max-width: 2121px) 100vw, 2121px\" \/><\/div><\/div><\/div><\/div><\/div><div class=\"vc_col-sm-2 wpb_column vc_column_container\"><div class=\"vc_column-inner\"><div class=\"wpb_wrapper\"><\/div><\/div><\/div><\/div><\/div><\/div><\/div><div class=\"vc_col-sm-12 vc_col-lg-6 vc_col-md-6 wpb_column vc_column_container \"><div class=\"vc_column-inner us_custom_f70d789f us_animate_this\"><div class=\"wpb_wrapper\"><div class=\"w-separator  hide_on_default hide_on_laptops size_medium\"><\/div><div class=\"g-cols wpb_row via_flex valign_top type_default stacking_default\"><div class=\"vc_col-sm-12 wpb_column vc_column_container\"><div class=\"vc_column-inner\"><div class=\"wpb_wrapper\"><div class=\"wpb_text_column\"><div class=\"wpb_wrapper\"><h4>U\u017eijete si<br \/>\nna\u0161i podporu:<\/h4>\n<\/div><\/div><div class=\"w-separator size_small\"><\/div><div class=\"w-iconbox iconpos_left style_circle color_custom align_left no_text\"><div class=\"w-iconbox-icon\" style=\"font-size:12px;background:var(--color-content-bg-alt);color:var(--color-content-primary);\"><i class=\"far fa-check\"><\/i><\/div><div class=\"w-iconbox-meta\"><p class=\"w-iconbox-title\">Celn\u00ed evidence a celn\u00ed odbaven\u00ed Va\u0161ich z\u00e1silek<\/p><\/div><\/div><div class=\"w-separator size_small\"><\/div><div class=\"w-iconbox iconpos_left style_circle color_custom align_left no_text\"><div class=\"w-iconbox-icon\" style=\"font-size:12px;background:var(--color-content-bg-alt);color:var(--color-content-primary);\"><i class=\"far fa-check\"><\/i><\/div><div class=\"w-iconbox-meta\"><p class=\"w-iconbox-title\">Organizace registrace k DPH v N\u011bmecku a \u0159\u00e1dn\u00e1 spr\u00e1va dan\u00ed prost\u0159ednictv\u00edm profesion\u00e1ln\u00edho m\u00edstn\u00edho da\u0148ov\u00e9ho poradce<\/p><\/div><\/div><div class=\"w-separator size_small\"><\/div><div class=\"w-iconbox iconpos_left style_circle color_custom align_left no_text\"><div class=\"w-iconbox-icon\" style=\"font-size:12px;background:var(--color-content-bg-alt);color:var(--color-content-primary);\"><i class=\"far fa-check\"><\/i><\/div><div class=\"w-iconbox-meta\"><p class=\"w-iconbox-title\">P\u0159eprava dovezen\u00e9ho zbo\u017e\u00ed k V\u00e1mi ur\u010den\u00fdm partner\u016fm<\/p><\/div><\/div><div class=\"w-separator size_small\"><\/div><div class=\"w-iconbox iconpos_left style_circle color_custom align_left no_text\"><div class=\"w-iconbox-icon\" style=\"font-size:12px;background:var(--color-content-bg-alt);color:var(--color-content-primary);\"><i class=\"far fa-check\"><\/i><\/div><div class=\"w-iconbox-meta\"><p class=\"w-iconbox-title\">v p\u0159\u00edpad\u011b pot\u0159eby nav\u00e1z\u00e1n\u00ed spojen\u00ed s vhodn\u00fdmi dodavateli pro pln\u011bn\u00ed nebo pravideln\u00e9 skladov\u00e9\/distribu\u010dn\u00ed slu\u017eby pro p\u0159\u00edmou spolupr\u00e1ci nebo organizov\u00e1n\u00ed takov\u00fdch slu\u017eeb Va\u0161\u00edm jm\u00e9nem prost\u0159ednictv\u00edm na\u0161\u00ed spole\u010dnosti<\/p><\/div><\/div><div class=\"w-separator size_small\"><\/div><div class=\"w-iconbox iconpos_left style_circle color_custom align_left no_text\"><div class=\"w-iconbox-icon\" style=\"font-size:12px;background:var(--color-content-bg-alt);color:var(--color-content-primary);\"><i class=\"far fa-check\"><\/i><\/div><div class=\"w-iconbox-meta\"><p class=\"w-iconbox-title\">podpora dal\u0161\u00edch logistick\u00fdch aktivit, jako je export a \u0159e\u0161en\u00ed mezin\u00e1rodn\u00ed p\u0159epravy<\/p><\/div><\/div><\/div><\/div><\/div><\/div><\/div><\/div><\/div><div class=\"vc_col-sm-12 wpb_column vc_column_container\"><div class=\"vc_column-inner\"><div class=\"wpb_wrapper\"><div class=\"w-separator size_huge\"><\/div><\/div><\/div><\/div><\/div><\/div><\/section><section class=\"l-section wpb_row height_auto\"><div class=\"l-section-h i-cf\"><div class=\"g-cols vc_row via_flex valign_top type_default stacking_default\"><div class=\"vc_col-sm-12 wpb_column vc_column_container \"><div class=\"vc_column-inner us_custom_6c0ee9e8 us_animate_this\"><div class=\"wpb_wrapper\"><div class=\"w-separator size_custom with_line width_default thick_1 style_solid color_border align_center\" style=\"height:2px\"><div class=\"w-separator-h\"><\/div><\/div><\/div><\/div><\/div><\/div><\/div><\/section><section class=\"l-section wpb_row height_auto\"><div class=\"l-section-h i-cf\"><div class=\"g-cols vc_row via_flex valign_top type_default stacking_default\"><div class=\"vc_col-sm-12 wpb_column vc_column_container \"><div class=\"vc_column-inner us_custom_60e9caca us_animate_this\"><div class=\"wpb_wrapper\"><div class=\"w-separator size_huge\"><\/div><div class=\"g-cols wpb_row via_flex valign_top type_default stacking_default\"><div class=\"vc_col-sm-12 wpb_column vc_column_container\"><div class=\"vc_column-inner\"><div class=\"wpb_wrapper\"><div class=\"wpb_text_column us_custom_8889e6af has_text_color\"><div class=\"wpb_wrapper\"><p style=\"text-align: center;\">Va\u0161e p\u0159idan\u00e1 hodnota<\/p>\n<\/div><\/div><div class=\"wpb_text_column\"><div class=\"wpb_wrapper\"><h3 style=\"text-align: center;\">Na\u0161e \u0159e\u0161en\u00ed v\u00e1m nab\u00edz\u00ed<br \/>\n\u0159adu v\u00fdhod:<\/h3>\n<\/div><\/div><\/div><\/div><\/div><\/div><div class=\"w-separator size_medium\"><\/div><\/div><\/div><\/div><\/div><\/div><\/section><section class=\"l-section wpb_row height_auto\"><div class=\"l-section-h i-cf\"><div class=\"g-cols vc_row via_flex valign_top type_default stacking_default\"><div class=\"vc_col-sm-4 wpb_column vc_column_container  has_bg_color\"><div class=\"vc_column-inner us_custom_97d74301 us_animate_this\"><div class=\"wpb_wrapper\"><div class=\"w-iconbox iconpos_top style_circle color_custom align_center no_title no_text\"><div class=\"w-iconbox-icon\" style=\"font-size:30px;background:var(--color-content-bg-alt);color:var(--color-content-primary);\"><i class=\"fad fa-sort-amount-up\"><\/i><\/div><div class=\"w-iconbox-meta\"><\/div><\/div><div class=\"w-separator size_small\"><\/div><div class=\"w-separator size_small\"><\/div><div class=\"wpb_text_column\"><div class=\"wpb_wrapper\"><h5 style=\"text-align: center;\">Dlouhodob\u011b stabiln\u00ed prodejn\u00ed aktivity v Evrop\u011b d\u00edky dodr\u017eov\u00e1n\u00ed celn\u00edch p\u0159edpis\u016f a DPH.<\/h5>\n<\/div><\/div><\/div><\/div><\/div><div class=\"vc_col-sm-4 wpb_column vc_column_container  has_bg_color\"><div class=\"vc_column-inner us_custom_b9675819 us_animate_this\"><div class=\"wpb_wrapper\"><div class=\"w-iconbox iconpos_top style_circle color_custom align_center no_title no_text\"><div class=\"w-iconbox-icon\" style=\"font-size:30px;background:var(--color-content-bg-alt);color:var(--color-content-primary);\"><i class=\"fad fa-sort-amount-up\"><\/i><\/div><div class=\"w-iconbox-meta\"><\/div><\/div><div class=\"w-separator size_small\"><\/div><div class=\"w-separator size_small\"><\/div><div class=\"wpb_text_column\"><div class=\"wpb_wrapper\"><h5 style=\"text-align: center;\">P\u0159im\u011b\u0159en\u00e9 administrativn\u00ed n\u00e1klady ve srovn\u00e1n\u00ed s n\u00e1klady na udr\u017eov\u00e1n\u00ed vlastn\u00ed pobo\u010dky v Evrop\u011b.<\/h5>\n<\/div><\/div><\/div><\/div><\/div><div class=\"vc_col-sm-4 wpb_column vc_column_container  has_bg_color\"><div class=\"vc_column-inner us_custom_20853e18 us_animate_this\"><div class=\"wpb_wrapper\"><div class=\"w-iconbox iconpos_top style_circle color_custom align_center no_title no_text\"><div class=\"w-iconbox-icon\" style=\"font-size:30px;background:var(--color-content-bg-alt);color:var(--color-content-primary);\"><i class=\"fad fa-sort-amount-up\"><\/i><\/div><div class=\"w-iconbox-meta\"><\/div><\/div><div class=\"w-separator size_small\"><\/div><div class=\"w-separator size_small\"><\/div><div class=\"wpb_text_column\"><div class=\"wpb_wrapper\"><h5 style=\"text-align: center;\">Z\u00edsk\u00e1te profesion\u00e1ln\u00ed podporu p\u0159i zav\u00e1d\u011bn\u00ed a dlouhodob\u00e9 realizaci va\u0161ich obchodn\u00edch aktivit.<\/h5>\n<\/div><\/div><\/div><\/div><\/div><\/div><\/div><\/section><section class=\"l-section wpb_row height_auto\"><div class=\"l-section-h i-cf\"><div class=\"g-cols vc_row via_flex valign_top type_default stacking_default\"><div class=\"vc_col-sm-12 wpb_column vc_column_container \"><div class=\"vc_column-inner us_custom_60e9caca us_animate_this\"><div class=\"wpb_wrapper\"><div class=\"w-separator size_large\"><\/div><div class=\"wpb_text_column\"><div class=\"wpb_wrapper\"><p style=\"text-align: center;\">V p\u0159\u00edpad\u011b dal\u0161\u00edch dotaz\u016f se obra\u0165te na n\u00e1\u0161 t\u00fdm<\/p>\n<\/div><\/div><div class=\"w-btn-wrapper align_center\"><a class=\"w-btn us-btn-style_1 icon_atleft\" href=\"mailto:eCommerce@seabridge.de\"><i class=\"fad fa-envelope\"><\/i><span class=\"w-btn-label\">eCommerce(at)seabridge.de<\/span><\/a><\/div><\/div><\/div><\/div><\/div><\/div><\/section><section class=\"l-section wpb_row height_huge\"><div class=\"l-section-h i-cf\"><div class=\"g-cols vc_row via_flex valign_top type_default stacking_default\"><div class=\"vc_col-sm-12 vc_col-lg-6 vc_col-md-6 wpb_column vc_column_container \"><div class=\"vc_column-inner us_custom_c6ca2907 us_animate_this\"><div class=\"wpb_wrapper\"><div class=\"w-separator  hide_on_tablets hide_on_mobiles size_small\"><\/div><div class=\"w-separator  hide_on_tablets hide_on_mobiles size_small\"><\/div><div class=\"g-cols wpb_row via_flex valign_top type_default stacking_default\"><div class=\"vc_col-sm-12 vc_col-lg-10 wpb_column vc_column_container\"><div class=\"vc_column-inner\"><div class=\"wpb_wrapper\"><div class=\"wpb_text_column us_custom_33e62e98\"><div class=\"wpb_wrapper\"><h3>V p\u0159\u00edpad\u011b dotaz\u016f a konkr\u00e9tn\u00edch nab\u00eddek se obra\u0165te p\u0159\u00edmo na:<\/h3>\n<\/div><\/div><div class=\"w-separator size_custom\" style=\"height:1px\"><\/div><\/div><\/div><\/div><div class=\"vc_col-sm-2 wpb_column vc_column_container\"><div class=\"vc_column-inner\"><div class=\"wpb_wrapper\"><\/div><\/div><\/div><\/div><\/div><\/div><\/div><div class=\"vc_col-sm-12 vc_col-lg-6 vc_col-md-6 wpb_column vc_column_container \"><div class=\"vc_column-inner us_custom_58cf3eb3 us_animate_this\"><div class=\"wpb_wrapper\"><div class=\"w-separator  hide_on_default hide_on_tablets hide_on_mobiles size_custom\" style=\"height:10px\"><\/div><div class=\"g-cols wpb_row via_flex valign_middle type_default stacking_default\"><div class=\"vc_col-sm-8 wpb_column vc_column_container\"><div class=\"vc_column-inner\"><div class=\"wpb_wrapper\"><div class=\"w-separator  hide_on_default hide_on_laptops hide_on_tablets size_small\"><\/div><div class=\"wpb_text_column us_custom_3090c82c\"><div class=\"wpb_wrapper\"><h4>Oliver Ingo F\u00f6ssleitner<\/h4>\n<\/div><\/div><div class=\"wpb_text_column us_custom_e53deb9b\"><div class=\"wpb_wrapper\"><p>jednatel spole\u0161nosti<\/p>\n<\/div><\/div><\/div><\/div><\/div><div class=\"vc_col-sm-4 wpb_column vc_column_container\"><div class=\"vc_column-inner us_custom_ad70f7de\"><div class=\"wpb_wrapper\"><div class=\"w-separator  hide_on_default hide_on_laptops hide_on_tablets size_small\"><\/div><div class=\"w-separator  hide_on_default hide_on_laptops hide_on_tablets size_small\"><\/div><div class=\"w-image align_none\"><div class=\"w-image-h\"><img loading=\"lazy\" decoding=\"async\" width=\"650\" height=\"650\" src=\"https:\/\/www.seabridge.de\/wp-content\/uploads\/2022\/06\/1-OF__IMG_9660-3_o_.png\" class=\"attachment-full size-full\" alt=\"\" srcset=\"https:\/\/www.seabridge.de\/wp-content\/uploads\/2022\/06\/1-OF__IMG_9660-3_o_.png 650w, https:\/\/www.seabridge.de\/wp-content\/uploads\/2022\/06\/1-OF__IMG_9660-3_o_-300x300.png 300w, https:\/\/www.seabridge.de\/wp-content\/uploads\/2022\/06\/1-OF__IMG_9660-3_o_-150x150.png 150w\" sizes=\"auto, (max-width: 650px) 100vw, 650px\" \/><\/div><\/div><\/div><\/div><\/div><\/div><div class=\"w-separator size_small\"><\/div><div class=\"w-separator size_small\"><\/div><div class=\"w-btn-wrapper width_full\"><a class=\"w-btn us-btn-style_1 icon_atleft\" href=\"tel:04037493325\"><i class=\"fad fa-phone-alt\"><\/i><span class=\"w-btn-label\">+49 (0)40 374933-25<\/span><\/a><\/div><div class=\"w-separator size_small\"><\/div><div class=\"w-btn-wrapper width_full\"><a class=\"w-btn us-btn-style_22 icon_atleft\" href=\"mailto:ofoessleitner@seabridge.de\"><i class=\"fad fa-envelope\"><\/i><span class=\"w-btn-label\">ofoessleitner(at)seabridge.de<\/span><\/a><\/div><div class=\"w-separator size_small\"><\/div><div class=\"wpb_text_column\"><div class=\"wpb_wrapper\"><p><em>Nebo vyberte p\u0159\u00edmou kontaktn\u00ed osobu z p\u0159ehledu v polo\u017ece nab\u00eddky \u201eKontakt\u201c.<\/em><\/p>\n<\/div><\/div><\/div><\/div><\/div><\/div><\/div><\/section>\n","protected":false},"excerpt":{"rendered":"v\u00fdkonov\u00fd rozsah Elektronick\u00fd obchod eCommerce a Online Shopping trend. Elektronick\u00fd obchod a online nakupov\u00e1n\u00ed za\u017e\u00edvaj\u00ed boom. V\u00fdrobci a obchodn\u00ed spole\u010dnosti ze z\u00e1mo\u0159\u00ed jsou ochotni prod\u00e1vat sv\u00e9 produkty na evropsk\u00fd trh prost\u0159ednictv\u00edm online platforem, jako je Amazon nebo Ebay. Pro zaji\u0161t\u011bn\u00ed pln\u011b vyhovuj\u00edc\u00ed obchodn\u00ed operace z dlouhodob\u00e9ho hlediska je nesm\u00edrn\u011b d\u016fle\u017eit\u00e9 m\u00edt spolehliv\u00e9ho m\u00edstn\u00edho partnera v...","protected":false},"author":2,"featured_media":0,"parent":0,"menu_order":0,"comment_status":"closed","ping_status":"closed","template":"","meta":{"footnotes":"","_links_to":"","_links_to_target":""},"class_list":["post-14055","page","type-page","status-publish","hentry"],"yoast_head":"<!-- This site is optimized with the Yoast SEO plugin v22.9 - https:\/\/yoast.com\/wordpress\/plugins\/seo\/ -->\n<title>eKomerce - Seabridge Transport GmbH<\/title>\n<meta name=\"robots\" content=\"index, follow, max-snippet:-1, max-image-preview:large, max-video-preview:-1\" \/>\n<link rel=\"canonical\" href=\"https:\/\/www.seabridge.de\/cs\/ekomerce\/\" \/>\n<meta property=\"og:locale\" content=\"cs_CZ\" \/>\n<meta property=\"og:type\" content=\"article\" \/>\n<meta property=\"og:title\" content=\"eKomerce - Seabridge Transport GmbH\" \/>\n<meta property=\"og:url\" content=\"https:\/\/www.seabridge.de\/cs\/ekomerce\/\" \/>\n<meta property=\"og:site_name\" content=\"Seabridge Transport GmbH\" \/>\n<meta property=\"article:modified_time\" content=\"2023-08-10T10:33:35+00:00\" \/>\n<meta property=\"og:image\" content=\"https:\/\/www.seabridge.de\/wp-content\/uploads\/2022\/11\/f_social-image.jpg\" \/>\n\t<meta property=\"og:image:width\" content=\"2500\" \/>\n\t<meta property=\"og:image:height\" content=\"1669\" \/>\n\t<meta property=\"og:image:type\" content=\"image\/jpeg\" \/>\n<meta name=\"twitter:card\" content=\"summary_large_image\" \/>\n<meta name=\"twitter:label1\" content=\"Odhadovan\u00e1 doba \u010dten\u00ed\" \/>\n\t<meta name=\"twitter:data1\" content=\"3 minuty\" \/>\n<script type=\"application\/ld+json\" class=\"yoast-schema-graph\">{\"@context\":\"https:\/\/schema.org\",\"@graph\":[{\"@type\":\"WebPage\",\"@id\":\"https:\/\/www.seabridge.de\/cs\/ekomerce\/\",\"url\":\"https:\/\/www.seabridge.de\/cs\/ekomerce\/\",\"name\":\"eKomerce - Seabridge Transport GmbH\",\"isPartOf\":{\"@id\":\"https:\/\/www.seabridge.de\/#website\"},\"datePublished\":\"2022-06-10T10:17:09+00:00\",\"dateModified\":\"2023-08-10T10:33:35+00:00\",\"breadcrumb\":{\"@id\":\"https:\/\/www.seabridge.de\/cs\/ekomerce\/#breadcrumb\"},\"inLanguage\":\"cs\",\"potentialAction\":[{\"@type\":\"ReadAction\",\"target\":[\"https:\/\/www.seabridge.de\/cs\/ekomerce\/\"]}]},{\"@type\":\"BreadcrumbList\",\"@id\":\"https:\/\/www.seabridge.de\/cs\/ekomerce\/#breadcrumb\",\"itemListElement\":[{\"@type\":\"ListItem\",\"position\":1,\"name\":\"Startseite\",\"item\":\"https:\/\/www.seabridge.de\/cs\/\"},{\"@type\":\"ListItem\",\"position\":2,\"name\":\"eKomerce\"}]},{\"@type\":\"WebSite\",\"@id\":\"https:\/\/www.seabridge.de\/#website\",\"url\":\"https:\/\/www.seabridge.de\/\",\"name\":\"Seabridge Transport GmbH\",\"description\":\"Weltweite Logistik\",\"potentialAction\":[{\"@type\":\"SearchAction\",\"target\":{\"@type\":\"EntryPoint\",\"urlTemplate\":\"https:\/\/www.seabridge.de\/?s={search_term_string}\"},\"query-input\":\"required name=search_term_string\"}],\"inLanguage\":\"cs\"}]}<\/script>\n<!-- \/ Yoast SEO plugin. -->","yoast_head_json":{"title":"eKomerce - Seabridge Transport GmbH","robots":{"index":"index","follow":"follow","max-snippet":"max-snippet:-1","max-image-preview":"max-image-preview:large","max-video-preview":"max-video-preview:-1"},"canonical":"https:\/\/www.seabridge.de\/cs\/ekomerce\/","og_locale":"cs_CZ","og_type":"article","og_title":"eKomerce - Seabridge Transport GmbH","og_url":"https:\/\/www.seabridge.de\/cs\/ekomerce\/","og_site_name":"Seabridge Transport GmbH","article_modified_time":"2023-08-10T10:33:35+00:00","og_image":[{"width":2500,"height":1669,"url":"https:\/\/www.seabridge.de\/wp-content\/uploads\/2022\/11\/f_social-image.jpg","type":"image\/jpeg"}],"twitter_card":"summary_large_image","twitter_misc":{"Odhadovan\u00e1 doba \u010dten\u00ed":"3 minuty"},"schema":{"@context":"https:\/\/schema.org","@graph":[{"@type":"WebPage","@id":"https:\/\/www.seabridge.de\/cs\/ekomerce\/","url":"https:\/\/www.seabridge.de\/cs\/ekomerce\/","name":"eKomerce - Seabridge Transport GmbH","isPartOf":{"@id":"https:\/\/www.seabridge.de\/#website"},"datePublished":"2022-06-10T10:17:09+00:00","dateModified":"2023-08-10T10:33:35+00:00","breadcrumb":{"@id":"https:\/\/www.seabridge.de\/cs\/ekomerce\/#breadcrumb"},"inLanguage":"cs","potentialAction":[{"@type":"ReadAction","target":["https:\/\/www.seabridge.de\/cs\/ekomerce\/"]}]},{"@type":"BreadcrumbList","@id":"https:\/\/www.seabridge.de\/cs\/ekomerce\/#breadcrumb","itemListElement":[{"@type":"ListItem","position":1,"name":"Startseite","item":"https:\/\/www.seabridge.de\/cs\/"},{"@type":"ListItem","position":2,"name":"eKomerce"}]},{"@type":"WebSite","@id":"https:\/\/www.seabridge.de\/#website","url":"https:\/\/www.seabridge.de\/","name":"Seabridge Transport GmbH","description":"Weltweite Logistik","potentialAction":[{"@type":"SearchAction","target":{"@type":"EntryPoint","urlTemplate":"https:\/\/www.seabridge.de\/?s={search_term_string}"},"query-input":"required name=search_term_string"}],"inLanguage":"cs"}]}},"_links":{"self":[{"href":"https:\/\/www.seabridge.de\/cs\/wp-json\/wp\/v2\/pages\/14055","targetHints":{"allow":["GET"]}}],"collection":[{"href":"https:\/\/www.seabridge.de\/cs\/wp-json\/wp\/v2\/pages"}],"about":[{"href":"https:\/\/www.seabridge.de\/cs\/wp-json\/wp\/v2\/types\/page"}],"author":[{"embeddable":true,"href":"https:\/\/www.seabridge.de\/cs\/wp-json\/wp\/v2\/users\/2"}],"replies":[{"embeddable":true,"href":"https:\/\/www.seabridge.de\/cs\/wp-json\/wp\/v2\/comments?post=14055"}],"version-history":[{"count":10,"href":"https:\/\/www.seabridge.de\/cs\/wp-json\/wp\/v2\/pages\/14055\/revisions"}],"predecessor-version":[{"id":14160,"href":"https:\/\/www.seabridge.de\/cs\/wp-json\/wp\/v2\/pages\/14055\/revisions\/14160"}],"wp:attachment":[{"href":"https:\/\/www.seabridge.de\/cs\/wp-json\/wp\/v2\/media?parent=14055"}],"curies":[{"name":"wp","href":"https:\/\/api.w.org\/{rel}","templated":true}]}}