{"id":14050,"date":"2022-06-10T12:17:28","date_gmt":"2022-06-10T10:17:28","guid":{"rendered":"https:\/\/www.seabridge.de\/sit\/"},"modified":"2025-01-07T15:15:56","modified_gmt":"2025-01-07T14:15:56","slug":"sit","status":"publish","type":"page","link":"https:\/\/www.seabridge.de\/cs\/sit\/","title":{"rendered":"S\u00ed\u0165"},"content":{"rendered":"<section class=\"l-section wpb_row height_huge\"><div class=\"l-section-h i-cf\"><div class=\"g-cols vc_row via_flex valign_top type_default stacking_default\"><div class=\"vc_col-sm-12 vc_col-lg-6 vc_col-md-6 wpb_column vc_column_container \"><div class=\"vc_column-inner us_custom_82815ce8 us_animate_this\"><div class=\"wpb_wrapper\"><div class=\"wpb_text_column us_custom_4f51c9fb\"><div class=\"wpb_wrapper\"><h2>Strategick\u00e1<br \/>\nPartnersk\u00e9 vztahy<\/h2>\n<\/div><\/div><div class=\"w-separator size_custom\" style=\"height:1px\"><\/div><\/div><\/div><\/div><div class=\"vc_col-sm-12 vc_col-lg-6 vc_col-md-6 wpb_column vc_column_container \"><div class=\"vc_column-inner us_custom_47d40b1d us_animate_this\"><div class=\"wpb_wrapper\"><div class=\"wpb_text_column us_custom_50c6505f\"><div class=\"wpb_wrapper\"><p>Pe\u010dliv\u011b vybudovan\u00e1 s\u00ed\u0165 s vlastn\u00ed pobo\u010dkou v \u010cesk\u00e9 republice, a tak\u00e9 dlouholet\u00fdmi spolehliv\u00fdmi partnery v Asii je j\u00e1drem na\u0161ich mezin\u00e1rodn\u00edch aktivit. Tyto struktury spolupr\u00e1ce byly vyv\u00edjeny glob\u00e1ln\u011b po mnoho let. Tyto struktury spolupr\u00e1ce byly vyv\u00edjeny glob\u00e1ln\u011b po mnoho let.<\/p>\n<\/div><\/div><div class=\"wpb_text_column\"><div class=\"wpb_wrapper\"><h5>V\u0161ichni partne\u0159i jsou posuzov\u00e1ni podle na\u0161ich vysok\u00fdch po\u017eadavk\u016f na v\u00fdkon.<\/h5>\n<\/div><\/div><\/div><\/div><\/div><\/div><\/div><\/section><section class=\"l-section wpb_row height_auto\"><div class=\"l-section-h i-cf\"><div class=\"g-cols vc_row via_flex valign_top type_default stacking_default\"><div class=\"vc_col-sm-12 wpb_column vc_column_container \"><div class=\"vc_column-inner us_custom_6c0ee9e8 us_animate_this\"><div class=\"wpb_wrapper\"><div class=\"w-separator size_custom with_line width_default thick_1 style_solid color_border align_center\" style=\"height:2px\"><div class=\"w-separator-h\"><\/div><\/div><\/div><\/div><\/div><\/div><\/div><\/section><section class=\"l-section wpb_row height_huge\"><div class=\"l-section-h i-cf\"><div class=\"g-cols vc_row via_flex valign_top type_default stacking_default\"><div class=\"vc_col-sm-12 vc_col-lg-6 vc_col-md-6 wpb_column vc_column_container \"><div class=\"vc_column-inner us_custom_73ccde62 us_animate_this\"><div class=\"wpb_wrapper\"><div class=\"w-image us_custom_fab4abd9 align_none\"><div class=\"w-image-h\"><img loading=\"lazy\" decoding=\"async\" width=\"2560\" height=\"588\" src=\"https:\/\/www.seabridge.de\/wp-content\/uploads\/2022\/06\/network-1-scaled-1.jpg\" class=\"attachment-full size-full\" alt=\"\" srcset=\"https:\/\/www.seabridge.de\/wp-content\/uploads\/2022\/06\/network-1-scaled-1.jpg 2560w, https:\/\/www.seabridge.de\/wp-content\/uploads\/2022\/06\/network-1-scaled-1-300x69.jpg 300w, https:\/\/www.seabridge.de\/wp-content\/uploads\/2022\/06\/network-1-scaled-1-1024x235.jpg 1024w, https:\/\/www.seabridge.de\/wp-content\/uploads\/2022\/06\/network-1-scaled-1-1320x303.jpg 1320w\" sizes=\"auto, (max-width: 2560px) 100vw, 2560px\" \/><\/div><\/div><div class=\"w-separator size_medium\"><\/div><\/div><\/div><\/div><div class=\"vc_col-sm-12 vc_col-lg-6 vc_col-md-6 wpb_column vc_column_container \"><div class=\"vc_column-inner us_custom_3683a75f us_animate_this\"><div class=\"wpb_wrapper\"><div class=\"wpb_text_column\"><div class=\"wpb_wrapper\"><h5>WCA FIRST, ATLAS INTERNATIONAL NETWORK a JCtrans<\/h5>\n<\/div><\/div><div class=\"wpb_text_column us_custom_50c6505f\"><div class=\"wpb_wrapper\"><p>Tato dlouhodob\u00e1 spolupr\u00e1ce n\u00e1m poskytuje okam\u017eit\u00fd a celosv\u011btov\u00fd p\u0159\u00edstup ke v\u0161em hlavn\u00edm zaveden\u00fdm i rozv\u00edjej\u00edc\u00edm se trh\u016fm \u2013 a\u0165 u\u017e v Americe, Evrop\u011b, Asii, Austr\u00e1lii nebo Africe. WCA, ATLAS a JCtrans n\u00e1s pro V\u00e1s d\u011blaj\u00ed m\u00edstn\u00edmi!<\/p>\n<\/div><\/div><\/div><\/div><\/div><\/div><\/div><\/section><section class=\"l-section wpb_row height_auto\"><div class=\"l-section-h i-cf\"><div class=\"g-cols vc_row via_flex valign_top type_default stacking_default\"><div class=\"vc_col-sm-12 wpb_column vc_column_container \"><div class=\"vc_column-inner us_custom_6c0ee9e8 us_animate_this\"><div class=\"wpb_wrapper\"><div class=\"w-separator size_custom with_line width_default thick_1 style_solid color_border align_center\" style=\"height:2px\"><div class=\"w-separator-h\"><\/div><\/div><\/div><\/div><\/div><\/div><\/div><\/section><section class=\"l-section wpb_row height_huge\"><div class=\"l-section-h i-cf\"><div class=\"g-cols vc_row via_flex valign_top type_default stacking_default\"><div class=\"vc_col-sm-12 vc_col-lg-6 vc_col-md-6 wpb_column vc_column_container \"><div class=\"vc_column-inner us_custom_73ccde62 us_animate_this\"><div class=\"wpb_wrapper\"><div class=\"w-image us_custom_fab4abd9 align_none\"><div class=\"w-image-h\"><img loading=\"lazy\" decoding=\"async\" width=\"2560\" height=\"588\" src=\"https:\/\/www.seabridge.de\/wp-content\/uploads\/2022\/06\/network2-scaled-1.jpg\" class=\"attachment-full size-full\" alt=\"\" srcset=\"https:\/\/www.seabridge.de\/wp-content\/uploads\/2022\/06\/network2-scaled-1.jpg 2560w, https:\/\/www.seabridge.de\/wp-content\/uploads\/2022\/06\/network2-scaled-1-300x69.jpg 300w, https:\/\/www.seabridge.de\/wp-content\/uploads\/2022\/06\/network2-scaled-1-1024x235.jpg 1024w, https:\/\/www.seabridge.de\/wp-content\/uploads\/2022\/06\/network2-scaled-1-1320x303.jpg 1320w\" sizes=\"auto, (max-width: 2560px) 100vw, 2560px\" \/><\/div><\/div><div class=\"w-separator size_medium\"><\/div><\/div><\/div><\/div><div class=\"vc_col-sm-12 vc_col-lg-6 vc_col-md-6 wpb_column vc_column_container \"><div class=\"vc_column-inner us_custom_3683a75f us_animate_this\"><div class=\"wpb_wrapper\"><div class=\"wpb_text_column\"><div class=\"wpb_wrapper\"><h5>PROJEKTY WCA<\/h5>\n<\/div><\/div><div class=\"wpb_text_column us_custom_50c6505f\"><div class=\"wpb_wrapper\"><p>K zaji\u0161t\u011bn\u00ed bezpe\u010dn\u00e9 dopravy Va\u0161ich projekt\u016f na m\u00edsto ur\u010den\u00ed je zapot\u0159eb\u00ed mezin\u00e1rodn\u00ed s\u00ed\u0165 specialist\u016f. Oni znaj\u00ed m\u00edstn\u00ed podm\u00ednky a maj\u00ed to nejlep\u0161\u00ed vybaven\u00ed, aby V\u00e1\u0161 n\u00e1klad bezpe\u010dn\u011b dopravili i do t\u011bch nejodlehlej\u0161\u00edch destinac\u00ed. Tito profesion\u00e1lov\u00e9 spojili sv\u00e9 s\u00edly v s\u00edti projekt\u016f WCA a Seabridge do tohoto okruhu pat\u0159\u00ed.<\/p>\n<\/div><\/div><\/div><\/div><\/div><\/div><\/div><\/section><section class=\"l-section wpb_row height_auto\"><div class=\"l-section-h i-cf\"><div class=\"g-cols vc_row via_flex valign_top type_default stacking_default\"><div class=\"vc_col-sm-12 wpb_column vc_column_container \"><div class=\"vc_column-inner us_custom_6c0ee9e8 us_animate_this\"><div class=\"wpb_wrapper\"><div class=\"w-separator size_custom with_line width_default thick_1 style_solid color_border align_center\" style=\"height:2px\"><div class=\"w-separator-h\"><\/div><\/div><\/div><\/div><\/div><\/div><\/div><\/section><section class=\"l-section wpb_row height_huge\"><div class=\"l-section-h i-cf\"><div class=\"g-cols vc_row via_flex valign_top type_default stacking_default\"><div class=\"vc_col-sm-12 vc_col-lg-6 vc_col-md-6 wpb_column vc_column_container \"><div class=\"vc_column-inner us_custom_73ccde62 us_animate_this\"><div class=\"wpb_wrapper\"><div class=\"w-image us_custom_fab4abd9 align_none\"><div class=\"w-image-h\"><img loading=\"lazy\" decoding=\"async\" width=\"2560\" height=\"588\" src=\"https:\/\/www.seabridge.de\/wp-content\/uploads\/2022\/06\/network3-scaled-1.jpg\" class=\"attachment-full size-full\" alt=\"\" srcset=\"https:\/\/www.seabridge.de\/wp-content\/uploads\/2022\/06\/network3-scaled-1.jpg 2560w, https:\/\/www.seabridge.de\/wp-content\/uploads\/2022\/06\/network3-scaled-1-300x69.jpg 300w, https:\/\/www.seabridge.de\/wp-content\/uploads\/2022\/06\/network3-scaled-1-1024x235.jpg 1024w, https:\/\/www.seabridge.de\/wp-content\/uploads\/2022\/06\/network3-scaled-1-1320x303.jpg 1320w\" sizes=\"auto, (max-width: 2560px) 100vw, 2560px\" \/><\/div><\/div><div class=\"w-separator size_medium\"><\/div><\/div><\/div><\/div><div class=\"vc_col-sm-12 vc_col-lg-6 vc_col-md-6 wpb_column vc_column_container \"><div class=\"vc_column-inner us_custom_3683a75f us_animate_this\"><div class=\"wpb_wrapper\"><div class=\"wpb_text_column\"><div class=\"wpb_wrapper\"><h5>Elektronick\u00fd obchod WCA<\/h5>\n<\/div><\/div><div class=\"wpb_text_column us_custom_50c6505f\"><div class=\"wpb_wrapper\"><p>Elektronick\u00fd obchod a online nakupov\u00e1n\u00ed za\u017e\u00edvaj\u00ed boom. Jako pln\u011b certifikovan\u00fd \u010dlen s\u00edt\u011b eCommerce WCA jsme pro V\u00e1s vyvinuli \u0159e\u0161en\u00ed pro vytvo\u0159en\u00ed stabiln\u00edho a vyhovuj\u00edc\u00edho obchodn\u00edho sch\u00e9matu!<\/p>\n<\/div><\/div><\/div><\/div><\/div><\/div><\/div><\/section><section class=\"l-section wpb_row height_auto\"><div class=\"l-section-h i-cf\"><div class=\"g-cols vc_row via_flex valign_top type_default stacking_default\"><div class=\"vc_col-sm-12 wpb_column vc_column_container \"><div class=\"vc_column-inner us_custom_6c0ee9e8 us_animate_this\"><div class=\"wpb_wrapper\"><div class=\"w-separator size_custom with_line width_default thick_1 style_solid color_border align_center\" style=\"height:2px\"><div class=\"w-separator-h\"><\/div><\/div><\/div><\/div><\/div><\/div><\/div><\/section><section class=\"l-section wpb_row height_huge\"><div class=\"l-section-h i-cf\"><div class=\"g-cols vc_row via_flex valign_top type_default stacking_default\"><div class=\"vc_col-sm-12 vc_col-lg-6 vc_col-md-6 wpb_column vc_column_container \"><div class=\"vc_column-inner us_custom_73ccde62 us_animate_this\"><div class=\"wpb_wrapper\"><div class=\"w-image us_custom_fab4abd9 align_none\"><div class=\"w-image-h\"><img loading=\"lazy\" decoding=\"async\" width=\"2560\" height=\"588\" src=\"https:\/\/www.seabridge.de\/wp-content\/uploads\/2022\/06\/ucn.jpg\" class=\"attachment-full size-full\" alt=\"\" srcset=\"https:\/\/www.seabridge.de\/wp-content\/uploads\/2022\/06\/ucn.jpg 2560w, https:\/\/www.seabridge.de\/wp-content\/uploads\/2022\/06\/ucn-300x69.jpg 300w, https:\/\/www.seabridge.de\/wp-content\/uploads\/2022\/06\/ucn-1024x235.jpg 1024w, https:\/\/www.seabridge.de\/wp-content\/uploads\/2022\/06\/ucn-1320x303.jpg 1320w\" sizes=\"auto, (max-width: 2560px) 100vw, 2560px\" \/><\/div><\/div><div class=\"w-separator size_medium\"><\/div><\/div><\/div><\/div><div class=\"vc_col-sm-12 vc_col-lg-6 vc_col-md-6 wpb_column vc_column_container \"><div class=\"vc_column-inner us_custom_3683a75f us_animate_this\"><div class=\"wpb_wrapper\"><div class=\"wpb_text_column\"><div class=\"wpb_wrapper\"><h5>S\u00ed\u0165 UCN<\/h5>\n<\/div><\/div><div class=\"wpb_text_column us_custom_50c6505f\"><div class=\"wpb_wrapper\"><p>Na\u0161e mezin\u00e1rodn\u00ed s\u00ed\u0165 pro v\u0161eobecn\u00fd n\u00e1klad<\/p>\n<\/div><\/div><\/div><\/div><\/div><\/div><\/div><\/section><section class=\"l-section wpb_row height_auto\"><div class=\"l-section-h i-cf\"><div class=\"g-cols vc_row via_flex valign_top type_default stacking_default\"><div class=\"vc_col-sm-12 wpb_column vc_column_container \"><div class=\"vc_column-inner us_custom_6c0ee9e8 us_animate_this\"><div class=\"wpb_wrapper\"><div class=\"w-separator size_custom with_line width_default thick_1 style_solid color_border align_center\" style=\"height:2px\"><div class=\"w-separator-h\"><\/div><\/div><\/div><\/div><\/div><\/div><\/div><\/section><section class=\"l-section wpb_row height_huge\"><div class=\"l-section-h i-cf\"><div class=\"g-cols vc_row via_flex valign_top type_default stacking_default\"><div class=\"vc_col-sm-12 wpb_column vc_column_container\"><div class=\"vc_column-inner\"><div class=\"wpb_wrapper\"><\/div><\/div><\/div><\/div><\/div><\/section>\n","protected":false},"excerpt":{"rendered":"Strategick\u00e1 Partnersk\u00e9 vztahy Pe\u010dliv\u011b vybudovan\u00e1 s\u00ed\u0165 s vlastn\u00ed pobo\u010dkou v \u010cesk\u00e9 republice, a tak\u00e9 dlouholet\u00fdmi spolehliv\u00fdmi partnery v Asii je j\u00e1drem na\u0161ich mezin\u00e1rodn\u00edch aktivit. Tyto struktury spolupr\u00e1ce byly vyv\u00edjeny glob\u00e1ln\u011b po mnoho let. Tyto struktury spolupr\u00e1ce byly vyv\u00edjeny glob\u00e1ln\u011b po mnoho let. V\u0161ichni partne\u0159i jsou posuzov\u00e1ni podle na\u0161ich vysok\u00fdch po\u017eadavk\u016f na v\u00fdkon. WCA FIRST, ATLAS...","protected":false},"author":2,"featured_media":0,"parent":0,"menu_order":0,"comment_status":"closed","ping_status":"closed","template":"","meta":{"footnotes":"","_links_to":"","_links_to_target":""},"class_list":["post-14050","page","type-page","status-publish","hentry"],"yoast_head":"<!-- This site is optimized with the Yoast SEO plugin v22.9 - https:\/\/yoast.com\/wordpress\/plugins\/seo\/ -->\n<title>S\u00ed\u0165 - Seabridge Transport GmbH<\/title>\n<meta name=\"robots\" content=\"index, follow, max-snippet:-1, max-image-preview:large, max-video-preview:-1\" \/>\n<link rel=\"canonical\" href=\"https:\/\/www.seabridge.de\/cs\/sit\/\" \/>\n<meta property=\"og:locale\" content=\"cs_CZ\" \/>\n<meta property=\"og:type\" content=\"article\" \/>\n<meta property=\"og:title\" content=\"S\u00ed\u0165 - Seabridge Transport GmbH\" \/>\n<meta property=\"og:url\" content=\"https:\/\/www.seabridge.de\/cs\/sit\/\" \/>\n<meta property=\"og:site_name\" content=\"Seabridge Transport GmbH\" \/>\n<meta property=\"article:modified_time\" content=\"2025-01-07T14:15:56+00:00\" \/>\n<meta property=\"og:image\" content=\"https:\/\/www.seabridge.de\/wp-content\/uploads\/2022\/11\/f_social-image.jpg\" \/>\n\t<meta property=\"og:image:width\" content=\"2500\" \/>\n\t<meta property=\"og:image:height\" content=\"1669\" \/>\n\t<meta property=\"og:image:type\" content=\"image\/jpeg\" \/>\n<meta name=\"twitter:card\" content=\"summary_large_image\" \/>\n<meta name=\"twitter:label1\" content=\"Odhadovan\u00e1 doba \u010dten\u00ed\" \/>\n\t<meta name=\"twitter:data1\" content=\"3 minuty\" \/>\n<script type=\"application\/ld+json\" class=\"yoast-schema-graph\">{\"@context\":\"https:\/\/schema.org\",\"@graph\":[{\"@type\":\"WebPage\",\"@id\":\"https:\/\/www.seabridge.de\/cs\/sit\/\",\"url\":\"https:\/\/www.seabridge.de\/cs\/sit\/\",\"name\":\"S\u00ed\u0165 - Seabridge Transport GmbH\",\"isPartOf\":{\"@id\":\"https:\/\/www.seabridge.de\/#website\"},\"datePublished\":\"2022-06-10T10:17:28+00:00\",\"dateModified\":\"2025-01-07T14:15:56+00:00\",\"breadcrumb\":{\"@id\":\"https:\/\/www.seabridge.de\/cs\/sit\/#breadcrumb\"},\"inLanguage\":\"cs\",\"potentialAction\":[{\"@type\":\"ReadAction\",\"target\":[\"https:\/\/www.seabridge.de\/cs\/sit\/\"]}]},{\"@type\":\"BreadcrumbList\",\"@id\":\"https:\/\/www.seabridge.de\/cs\/sit\/#breadcrumb\",\"itemListElement\":[{\"@type\":\"ListItem\",\"position\":1,\"name\":\"Startseite\",\"item\":\"https:\/\/www.seabridge.de\/cs\/\"},{\"@type\":\"ListItem\",\"position\":2,\"name\":\"S\u00ed\u0165\"}]},{\"@type\":\"WebSite\",\"@id\":\"https:\/\/www.seabridge.de\/#website\",\"url\":\"https:\/\/www.seabridge.de\/\",\"name\":\"Seabridge Transport GmbH\",\"description\":\"Weltweite Logistik\",\"potentialAction\":[{\"@type\":\"SearchAction\",\"target\":{\"@type\":\"EntryPoint\",\"urlTemplate\":\"https:\/\/www.seabridge.de\/?s={search_term_string}\"},\"query-input\":\"required name=search_term_string\"}],\"inLanguage\":\"cs\"}]}<\/script>\n<!-- \/ Yoast SEO plugin. -->","yoast_head_json":{"title":"S\u00ed\u0165 - Seabridge Transport GmbH","robots":{"index":"index","follow":"follow","max-snippet":"max-snippet:-1","max-image-preview":"max-image-preview:large","max-video-preview":"max-video-preview:-1"},"canonical":"https:\/\/www.seabridge.de\/cs\/sit\/","og_locale":"cs_CZ","og_type":"article","og_title":"S\u00ed\u0165 - Seabridge Transport GmbH","og_url":"https:\/\/www.seabridge.de\/cs\/sit\/","og_site_name":"Seabridge Transport GmbH","article_modified_time":"2025-01-07T14:15:56+00:00","og_image":[{"width":2500,"height":1669,"url":"https:\/\/www.seabridge.de\/wp-content\/uploads\/2022\/11\/f_social-image.jpg","type":"image\/jpeg"}],"twitter_card":"summary_large_image","twitter_misc":{"Odhadovan\u00e1 doba \u010dten\u00ed":"3 minuty"},"schema":{"@context":"https:\/\/schema.org","@graph":[{"@type":"WebPage","@id":"https:\/\/www.seabridge.de\/cs\/sit\/","url":"https:\/\/www.seabridge.de\/cs\/sit\/","name":"S\u00ed\u0165 - Seabridge Transport GmbH","isPartOf":{"@id":"https:\/\/www.seabridge.de\/#website"},"datePublished":"2022-06-10T10:17:28+00:00","dateModified":"2025-01-07T14:15:56+00:00","breadcrumb":{"@id":"https:\/\/www.seabridge.de\/cs\/sit\/#breadcrumb"},"inLanguage":"cs","potentialAction":[{"@type":"ReadAction","target":["https:\/\/www.seabridge.de\/cs\/sit\/"]}]},{"@type":"BreadcrumbList","@id":"https:\/\/www.seabridge.de\/cs\/sit\/#breadcrumb","itemListElement":[{"@type":"ListItem","position":1,"name":"Startseite","item":"https:\/\/www.seabridge.de\/cs\/"},{"@type":"ListItem","position":2,"name":"S\u00ed\u0165"}]},{"@type":"WebSite","@id":"https:\/\/www.seabridge.de\/#website","url":"https:\/\/www.seabridge.de\/","name":"Seabridge Transport GmbH","description":"Weltweite Logistik","potentialAction":[{"@type":"SearchAction","target":{"@type":"EntryPoint","urlTemplate":"https:\/\/www.seabridge.de\/?s={search_term_string}"},"query-input":"required name=search_term_string"}],"inLanguage":"cs"}]}},"_links":{"self":[{"href":"https:\/\/www.seabridge.de\/cs\/wp-json\/wp\/v2\/pages\/14050","targetHints":{"allow":["GET"]}}],"collection":[{"href":"https:\/\/www.seabridge.de\/cs\/wp-json\/wp\/v2\/pages"}],"about":[{"href":"https:\/\/www.seabridge.de\/cs\/wp-json\/wp\/v2\/types\/page"}],"author":[{"embeddable":true,"href":"https:\/\/www.seabridge.de\/cs\/wp-json\/wp\/v2\/users\/2"}],"replies":[{"embeddable":true,"href":"https:\/\/www.seabridge.de\/cs\/wp-json\/wp\/v2\/comments?post=14050"}],"version-history":[{"count":3,"href":"https:\/\/www.seabridge.de\/cs\/wp-json\/wp\/v2\/pages\/14050\/revisions"}],"predecessor-version":[{"id":14368,"href":"https:\/\/www.seabridge.de\/cs\/wp-json\/wp\/v2\/pages\/14050\/revisions\/14368"}],"wp:attachment":[{"href":"https:\/\/www.seabridge.de\/cs\/wp-json\/wp\/v2\/media?parent=14050"}],"curies":[{"name":"wp","href":"https:\/\/api.w.org\/{rel}","templated":true}]}}